{"id":2166,"date":"2023-05-29T08:59:24","date_gmt":"2023-05-29T08:59:24","guid":{"rendered":"https:\/\/attendlr.com\/attendlr-support\/"},"modified":"2023-05-29T08:59:25","modified_gmt":"2023-05-29T08:59:25","slug":"attendlr-support","status":"publish","type":"page","link":"https:\/\/attendlr.com\/hu\/attendlr-support\/","title":{"rendered":"Attendlr Support"},"content":{"rendered":"\n<h1 class=\"wp-block-heading has-text-align-center\">Attendlr Support<\/h1>\n\n<p class=\"has-text-align-center\">Az Attendlr csapat\u00e1n\u00e1l t\u00f6k\u00e9letesen meg\u00e9rtj\u00fck, hogy a megb\u00edzhat\u00f3 \u00e9s gyors t\u00e1mogat\u00e1s milyen fontos ahhoz, hogy a lehet\u0151 legjobban ki tudj\u00e1tok haszn\u00e1lni platformunkat. Nem sz\u00e1m\u00edt, hogy egy kisebb fitneszcsoportot vezetsz, vagy egy nagy fitneszk\u00f6zpontot \u00fczemeltetsz, minden l\u00e9p\u00e9sn\u00e9l ott vagyunk neked. A lelkes \u00fcgyf\u00e9lszolg\u00e1lati csapatunk azon dolgozik, hogy seg\u00edtsen minden probl\u00e9m\u00e1t megoldani \u00e9s maximaliz\u00e1lni az Attendlr haszn\u00e1lat\u00e1t. Legyen sz\u00f3 egyszer\u0171bb k\u00e9rd\u00e9sekr\u0151l vagy bonyolultabb m\u0171szaki probl\u00e9m\u00e1kr\u00f3l, mindig t\u00e1mogatunk t\u00e9ged.   <\/p>\n\n<p class=\"has-text-align-center\">K\u00e9t t\u00e1mogat\u00e1si szint\u00fcnk van &#8211; Standard Support \u00e9s Els\u0151bbs\u00e9gi Support -, hogy a lehet\u0151 legjobban kiel\u00e9g\u00edts\u00fck \u00fcgyfeleink k\u00fcl\u00f6nb\u00f6z\u0151 ig\u00e9nyeit \u00e9s m\u0171k\u00f6d\u00e9si m\u00f3djait. A Standard t\u00e1mogat\u00e1s minden Basic el\u0151fizet\u00e9ssel rendelkez\u0151 felhaszn\u00e1l\u00f3 sz\u00e1m\u00e1ra el\u00e9rhet\u0151, \u00e9s c\u00e9lja, hogy h\u00e1rom munkanapon bel\u00fcl v\u00e1laszt adjon a k\u00e9rd\u00e9seidre. Ha gyorsabb v\u00e1laszokra van sz\u00fcks\u00e9ged, akkor a Priority Support \u00e1ll rendelkez\u00e9sedre, amely priorit\u00e1s szerinti kezel\u00e9st biztos\u00edt, \u00e9s \u00e1ltal\u00e1ban m\u00e9g aznap v\u00e1laszolunk a k\u00e9rd\u00e9seidre.  <\/p>\n\n<p class=\"has-text-align-center\">T\u00e1mogat\u00e1si szolg\u00e1ltat\u00e1sainkat k\u00f6zvetlen\u00fcl az Attendlr alkalmaz\u00e1son bel\u00fcl \u00e9rheted el, \u00edgy biztos\u00edtva a k\u00e9nyelmes \u00e9s gyors hozz\u00e1f\u00e9r\u00e9st. Folyamatosan arra t\u00f6reksz\u00fcnk, hogy gyors \u00e9s hat\u00e9kony seg\u00edts\u00e9get ny\u00fajtsunk, hogy te arra tudj koncentr\u00e1lni, ami igaz\u00e1n sz\u00e1m\u00edt &#8211; fitnesz\u00fczleted fejleszt\u00e9s\u00e9re, valamint \u00fcgyfeleid el\u00e9gedetts\u00e9g\u00e9nek \u00e9s lojalit\u00e1s\u00e1nak n\u00f6vel\u00e9s\u00e9re. Az Attendlrrel soha nem leszel egyed\u00fcl az utadon.  <\/p>\n<div class=\"gb-container gb-container-ad53c353\">\n\n<h2 class=\"wp-block-heading\" id=\"standard-support\">Standard Support<\/h2>\n\n\n<div class=\"gb-grid-wrapper gb-grid-wrapper-08902002\">\n<div class=\"gb-grid-column gb-grid-column-d233c942\"><div class=\"gb-container gb-container-d233c942\">\n\n<h4 class=\"wp-block-heading\" style=\"font-size:12px;text-transform:uppercase\">Minim\u00e1lisan sz\u00fcks\u00e9ges csomag: Basic<\/h4>\n\n\n\n<p>Az Attendlr csapata nagy hangs\u00falyt fektet a k\u00e9nyelmes \u00e9s probl\u00e9mamentes felhaszn\u00e1l\u00f3i \u00e9lm\u00e9nyre. A Standard t\u00e1mogat\u00e1sunk pontosan ezt az elk\u00f6telezetts\u00e9get testes\u00edti meg, amelynek c\u00e9lja, hogy minden k\u00e9rd\u00e9ssel vagy probl\u00e9m\u00e1val foglalkozzunk. Legyen sz\u00f3 technikai probl\u00e9m\u00e1kr\u00f3l, vagy a platform funkci\u00f3inak jobb meg\u00e9rt\u00e9s\u00e9re ir\u00e1nyul\u00f3 seg\u00edts\u00e9gk\u00e9r\u00e9sekr\u0151l, a Standard t\u00e1mogat\u00e1s mindig a rendelkez\u00e9sedre \u00e1ll.  <\/p>\n\n\n\n<p>Ha az Attendlr alkalmaz\u00e1son kereszt\u00fcl t\u00e1mogat\u00e1si k\u00e9relmet k\u00fcldesz, a lelkes t\u00e1mogat\u00f3 csapatunk cselekv\u00e9sbe l\u00e9p. C\u00e9lunk, hogy h\u00e1rom munkanapon bel\u00fcl megoldjuk a probl\u00e9m\u00e1t, \u00edgy biztos\u00edtva, hogy a fitnesz\u00fczletedet csak a lehet\u0151 legkevesebb zavar \u00e9rje. Ezt a t\u00e1mogat\u00e1si szintet minden regisztr\u00e1lt felhaszn\u00e1l\u00f3nk sz\u00e1m\u00e1ra el\u00e9rhet\u0151v\u00e9 tessz\u00fck, aki legal\u00e1bb Basic el\u0151fizet\u00e9ssel rendelkezik, ezzel is kiemelve elk\u00f6telezetts\u00e9g\u00fcnket a min\u0151s\u00e9gi szolg\u00e1ltat\u00e1s ir\u00e1nt minden felhaszn\u00e1l\u00f3nk fel\u00e9.  <\/p>\n\n\n\n<p>Azonban fontos megjegyezni, hogy az ingyenes csomagunk nem tartalmazza a Standard t\u00e1mogat\u00e1st. Ez egy olyan k\u00fcl\u00f6nleges el\u0151ny, amely kiz\u00e1r\u00f3lag az el\u0151fizet\u00e9ses felhaszn\u00e1l\u00f3inknak sz\u00f3l, \u00edgy m\u00e9g nagyobb \u00e9rt\u00e9ket adva az Attendlr el\u0151fizet\u00e9shez. <\/p>\n\n\n\n<p>Az Attendlr Standard t\u00e1mogat\u00e1s\u00e1nak k\u00f6sz\u00f6nhet\u0151en a v\u00e1llalkoz\u00e1sodra tudsz f\u00f3kusz\u00e1lni, m\u00edg mi a h\u00e1tter\u00e9ben foglalkozunk minden lehets\u00e9ges probl\u00e9m\u00e1val. Ez t\u00f6bb mint egy \u00edg\u00e9ret; ez a mi elk\u00f6telezetts\u00e9g\u00fcnk ir\u00e1ntad \u00e9s a v\u00e1llalkoz\u00e1sod sikere fel\u00e9. <\/p>\n\n<\/div><\/div>\n\n<div class=\"gb-grid-column gb-grid-column-72eb663a\"><div class=\"gb-container gb-container-72eb663a\">\n\n<figure class=\"wp-block-image size-full\"><img decoding=\"async\" width=\"1024\" height=\"1024\" src=\"https:\/\/attendlr.com\/wp-content\/uploads\/2023\/05\/a_flat-style_illustration_of_a_person_with_a_headset_on_fe86e0ae-d55a-4239-b44c-f577f06a554d.jpg\" alt=\"Az Attendlr szabv&#xE1;nyos t&#xE1;mogat&#xE1;si szolg&#xE1;ltat&#xE1;s&#xE1;nak illusztr&#xE1;ci&#xF3;ja\" class=\"wp-image-2155\" title=\"Standard t&#xE1;mogat&#xE1;si szolg&#xE1;ltat&#xE1;s\" srcset=\"https:\/\/attendlr.com\/wp-content\/uploads\/2023\/05\/a_flat-style_illustration_of_a_person_with_a_headset_on_fe86e0ae-d55a-4239-b44c-f577f06a554d.jpg 1024w, https:\/\/attendlr.com\/wp-content\/uploads\/2023\/05\/a_flat-style_illustration_of_a_person_with_a_headset_on_fe86e0ae-d55a-4239-b44c-f577f06a554d-300x300.jpg 300w, https:\/\/attendlr.com\/wp-content\/uploads\/2023\/05\/a_flat-style_illustration_of_a_person_with_a_headset_on_fe86e0ae-d55a-4239-b44c-f577f06a554d-150x150.jpg 150w, https:\/\/attendlr.com\/wp-content\/uploads\/2023\/05\/a_flat-style_illustration_of_a_person_with_a_headset_on_fe86e0ae-d55a-4239-b44c-f577f06a554d-768x768.jpg 768w\" sizes=\"(max-width: 1024px) 100vw, 1024px\" \/><\/figure>\n\n<\/div><\/div>\n<\/div>\n<\/div><div class=\"gb-container gb-container-8c3fdea2\">\n\n<h2 class=\"wp-block-heading has-text-align-right\" id=\"priority-support\">Els\u0151bbs\u00e9gi Support<\/h2>\n\n\n<div class=\"gb-grid-wrapper gb-grid-wrapper-f5caff3a\">\n<div class=\"gb-grid-column gb-grid-column-9e30c2ee\"><div class=\"gb-container gb-container-9e30c2ee\">\n\n<figure class=\"wp-block-image size-full\"><img decoding=\"async\" width=\"580\" height=\"580\" src=\"https:\/\/attendlr.com\/wp-content\/uploads\/2023\/05\/a_flat-style_illustration_of_a_person_with_a_headset_on_a9eec6c0-4c60-449f-9abc-512264470e16-e1685349425333.png\" alt=\"A kiemelt t&#xE1;mogat&#xE1;si szolg&#xE1;ltat&#xE1;s illusztr&#xE1;ci&#xF3;ja az Attendlr-ben\" class=\"wp-image-2158\" title=\"Els&#x151;bbs&#xE9;gi Support szolg&#xE1;ltat&#xE1;s\" srcset=\"https:\/\/attendlr.com\/wp-content\/uploads\/2023\/05\/a_flat-style_illustration_of_a_person_with_a_headset_on_a9eec6c0-4c60-449f-9abc-512264470e16-e1685349425333.png 580w, https:\/\/attendlr.com\/wp-content\/uploads\/2023\/05\/a_flat-style_illustration_of_a_person_with_a_headset_on_a9eec6c0-4c60-449f-9abc-512264470e16-e1685349425333-300x300.png 300w, https:\/\/attendlr.com\/wp-content\/uploads\/2023\/05\/a_flat-style_illustration_of_a_person_with_a_headset_on_a9eec6c0-4c60-449f-9abc-512264470e16-e1685349425333-150x150.png 150w\" sizes=\"(max-width: 580px) 100vw, 580px\" \/><\/figure>\n\n<\/div><\/div>\n\n<div class=\"gb-grid-column gb-grid-column-a78a593d\"><div class=\"gb-container gb-container-a78a593d\">\n\n<h4 class=\"wp-block-heading has-text-align-right\" style=\"font-size:12px;text-transform:uppercase\">Minim\u00e1lisan sz\u00fcks\u00e9ges csomag: Pro<\/h4>\n\n\n\n<p>Az Attendlr csapat\u00e1n\u00e1l teljesen tiszt\u00e1ban vagyunk azzal, hogy minden v\u00e1llalkoz\u00e1s egyedi ig\u00e9nyekkel \u00e9s sz\u00fcks\u00e9gletekkel rendelkezik, ez\u00e9rt k\u00edn\u00e1lunk els\u0151bbs\u00e9gi t\u00e1mogat\u00e1st azoknak, akiknek gyorsabb v\u00e1laszokra van sz\u00fcks\u00e9g\u00fck. Ez a magasabb szint\u0171 szolg\u00e1ltat\u00e1s t\u00falmutat a Standard t\u00e1mogat\u00e1son, priorit\u00e1st biztos\u00edtva a t\u00e1mogat\u00e1si k\u00e9r\u00e9seknek, \u00edgy \u00e1ltal\u00e1ban m\u00e9g napon bel\u00fcl megold\u00e1st k\u00edn\u00e1lunk. <\/p>\n\n\n\n<p>Ha a Pro vagy magasabb szint\u0171 csomagot v\u00e1lasztod, automatikusan jogosultt\u00e1 v\u00e1lsz az els\u0151bbs\u00e9gi t\u00e1mogat\u00e1sra. Ez azt jelenti, hogy amint k\u00e9rd\u00e9ssel vagy probl\u00e9m\u00e1val tal\u00e1lkozol, a dedik\u00e1lt t\u00e1mogat\u00f3 csapatunk azonnal munk\u00e1hoz l\u00e1t, biztos\u00edtva, hogy a fitnesz\u00fczleted zavartalanul m\u0171k\u00f6dj\u00f6n. <\/p>\n\n\n\n<p>Egy olyan gyorsan v\u00e1ltoz\u00f3 ipar\u00e1gban, mint a fitnesz, minden perc sz\u00e1m\u00edt. Ez\u00e9rt tervezt\u00fck az els\u0151bbs\u00e9gi t\u00e1mogat\u00e1st \u00fagy, hogy gyors \u00e9s hat\u00e9kony megold\u00e1sokat k\u00edn\u00e1ljon, minimaliz\u00e1lja a le\u00e1ll\u00e1si id\u0151t \u00e9s el\u0151seg\u00edtse a szolg\u00e1ltat\u00e1sok g\u00f6rd\u00fcl\u00e9keny \u00e9s hat\u00e9kony m\u0171k\u00f6d\u00e9s\u00e9t. Ez t\u00f6k\u00e9letes azoknak a v\u00e1llalkoz\u00e1soknak, amelyeknek gyorsabb v\u00e1laszid\u0151re van sz\u00fcks\u00e9g\u00fck a t\u00e1mogat\u00e1si k\u00e9r\u00e9sekkel kapcsolatban, hogy v\u00e1llalkoz\u00e1suk mindig a lehet\u0151 legjobban m\u0171k\u00f6dj\u00f6n.  <\/p>\n\n\n\n<p>Az els\u0151bbs\u00e9gi t\u00e1mogat\u00e1ssal biztos lehetsz benne, hogy a csapatunk mind\u00f6ssze egy gyors \u00fczenetre van t\u0151led az Attendlr alkalmaz\u00e1sban, \u00e9s k\u00e9szen \u00e1ll, hogy gyorsan \u00e9s hat\u00e9konyan foglalkozzon a probl\u00e9m\u00e1iddal. Ez t\u00f6bb mint egy kieg\u00e9sz\u00edt\u0151 funkci\u00f3 &#8211; ez alapvet\u0151en fontos r\u00e9sze annak, hogy a v\u00e1llalkoz\u00e1sod tov\u00e1bbra is vir\u00e1gz\u00f3 maradjon. <\/p>\n\n<\/div><\/div>\n<\/div>\n<\/div>","protected":false},"excerpt":{"rendered":"<p>Attendlr Support Az Attendlr csapat\u00e1n\u00e1l t\u00f6k\u00e9letesen meg\u00e9rtj\u00fck, hogy a megb\u00edzhat\u00f3 \u00e9s gyors t\u00e1mogat\u00e1s milyen fontos ahhoz, hogy a lehet\u0151 legjobban ki tudj\u00e1tok haszn\u00e1lni platformunkat. Nem sz\u00e1m\u00edt, hogy egy kisebb fitneszcsoportot vezetsz, vagy egy nagy fitneszk\u00f6zpontot \u00fczemeltetsz, minden l\u00e9p\u00e9sn\u00e9l ott vagyunk neked. A lelkes \u00fcgyf\u00e9lszolg\u00e1lati csapatunk azon dolgozik, hogy seg\u00edtsen minden probl\u00e9m\u00e1t megoldani \u00e9s maximaliz\u00e1lni az &#8230; <a title=\"Attendlr Support\" class=\"read-more\" href=\"https:\/\/attendlr.com\/hu\/attendlr-support\/\" aria-label=\"More on Attendlr Support\">B\u0151vebben<\/a><\/p>\n","protected":false},"author":1,"featured_media":0,"parent":0,"menu_order":0,"comment_status":"closed","ping_status":"closed","template":"","meta":{"qubely_global_settings":"","qubely_interactions":"","_uag_custom_page_level_css":""},"aioseo_notices":[],"uagb_featured_image_src":{"full":false,"thumbnail":false,"medium":false,"medium_large":false,"large":false,"1536x1536":false,"2048x2048":false,"qubely_landscape":false,"qubely_portrait":false,"qubely_thumbnail":false},"uagb_author_info":{"display_name":"attadmin","author_link":"https:\/\/attendlr.com\/hu\/author\/attadmin\/"},"uagb_comment_info":0,"uagb_excerpt":"Attendlr Support Az Attendlr csapat\u00e1n\u00e1l t\u00f6k\u00e9letesen meg\u00e9rtj\u00fck, hogy a megb\u00edzhat\u00f3 \u00e9s gyors t\u00e1mogat\u00e1s milyen fontos ahhoz, hogy a lehet\u0151 legjobban ki tudj\u00e1tok haszn\u00e1lni platformunkat. Nem sz\u00e1m\u00edt, hogy egy kisebb fitneszcsoportot vezetsz, vagy egy nagy fitneszk\u00f6zpontot \u00fczemeltetsz, minden l\u00e9p\u00e9sn\u00e9l ott vagyunk neked. A lelkes \u00fcgyf\u00e9lszolg\u00e1lati csapatunk azon dolgozik, hogy seg\u00edtsen minden probl\u00e9m\u00e1t megoldani \u00e9s maximaliz\u00e1lni az&hellip;","_links":{"self":[{"href":"https:\/\/attendlr.com\/hu\/wp-json\/wp\/v2\/pages\/2166"}],"collection":[{"href":"https:\/\/attendlr.com\/hu\/wp-json\/wp\/v2\/pages"}],"about":[{"href":"https:\/\/attendlr.com\/hu\/wp-json\/wp\/v2\/types\/page"}],"author":[{"embeddable":true,"href":"https:\/\/attendlr.com\/hu\/wp-json\/wp\/v2\/users\/1"}],"replies":[{"embeddable":true,"href":"https:\/\/attendlr.com\/hu\/wp-json\/wp\/v2\/comments?post=2166"}],"version-history":[{"count":3,"href":"https:\/\/attendlr.com\/hu\/wp-json\/wp\/v2\/pages\/2166\/revisions"}],"predecessor-version":[{"id":2169,"href":"https:\/\/attendlr.com\/hu\/wp-json\/wp\/v2\/pages\/2166\/revisions\/2169"}],"wp:attachment":[{"href":"https:\/\/attendlr.com\/hu\/wp-json\/wp\/v2\/media?parent=2166"}],"curies":[{"name":"wp","href":"https:\/\/api.w.org\/{rel}","templated":true}]}}