{"id":2141,"date":"2023-05-28T16:52:10","date_gmt":"2023-05-28T16:52:10","guid":{"rendered":"https:\/\/attendlr.com\/rolunk\/"},"modified":"2023-05-28T16:52:10","modified_gmt":"2023-05-28T16:52:10","slug":"rolunk","status":"publish","type":"page","link":"https:\/\/attendlr.com\/hu\/rolunk\/","title":{"rendered":"R\u00f3lunk"},"content":{"rendered":"\n<p>2023-ban alap\u00edtott Attendlr egy forradalmi szoftverc\u00e9g, melynek c\u00e9lja, hogy seg\u00edtse a fitnesz szakembereket \u00e9s v\u00e1llalkoz\u00f3kat \u00fcgyfeleik menedzsel\u00e9s\u00e9nek egyszer\u0171s\u00edt\u00e9s\u00e9ben. Innovat\u00edv term\u00e9k\u00fcnk, az Attendlr alkalmaz\u00e1s, egy k\u00f6nnyen haszn\u00e1lhat\u00f3 megold\u00e1st k\u00edn\u00e1l adatkezel\u00e9sre, esem\u00e9nyek \u00fctemez\u00e9s\u00e9re \u00e9s fizet\u00e9sek nyomon k\u00f6vet\u00e9s\u00e9re mind Android, mind iOS platformokon. Meg\u00e9rtj\u00fck, hogy a foglalkoztatott embereknek hat\u00e9kony megold\u00e1sokra van sz\u00fcks\u00e9g\u00fck, \u00e9s biztons\u00e1gos t\u00e1rol\u00f3rendszer\u00fcnk nyugalmat biztos\u00edt \u00fcgyfeleink sz\u00e1m\u00e1ra. Tapasztalt fejleszt\u0151inkkel a fed\u00e9lzeten, akik folyamatosan fejlesztik term\u00e9keinket a felhaszn\u00e1l\u00f3k ig\u00e9nyeinek megfelel\u0151en, kiv\u00e9teles \u00fcgyf\u00e9lt\u00e1mogat\u00e1st ny\u00fajtunk, \u00edgy arra koncentr\u00e1lhatsz, ami sz\u00e1m\u00edt: v\u00e1llalkoz\u00e1sod n\u00f6veked\u00e9s\u00e9re \u00e9s fitnesz szakemberk\u00e9nt val\u00f3 sikerre. K\u00fcldet\u00e9s\u00fcnk, hogy megb\u00edzhat\u00f3 eszk\u00f6z\u00f6kkel ruh\u00e1zzuk fel az embereket, lehet\u0151v\u00e9 t\u00e9ve sz\u00e1mukra, hogy gyorsabban \u00e9rj\u00e9k el c\u00e9ljaikat, mik\u00f6zben minden \u00e9let\u00fck aspektus\u00e1ban rendet tartanak; l\u00e1tom\u00e1sunk, hogy a v\u00e1llalkoz\u00e1sok \u00e9s a szakemberek els\u0151sz\u00e1m\u00fa v\u00e1laszt\u00e1sa legy\u00fcnk, amikor megb\u00edzhat\u00f3 tech megold\u00e1sokat keresnek.    <\/p>\n","protected":false},"excerpt":{"rendered":"<p>2023-ban alap\u00edtott Attendlr egy forradalmi szoftverc\u00e9g, melynek c\u00e9lja, hogy seg\u00edtse a fitnesz szakembereket \u00e9s v\u00e1llalkoz\u00f3kat \u00fcgyfeleik menedzsel\u00e9s\u00e9nek egyszer\u0171s\u00edt\u00e9s\u00e9ben. Innovat\u00edv term\u00e9k\u00fcnk, az Attendlr alkalmaz\u00e1s, egy k\u00f6nnyen haszn\u00e1lhat\u00f3 megold\u00e1st k\u00edn\u00e1l adatkezel\u00e9sre, esem\u00e9nyek \u00fctemez\u00e9s\u00e9re \u00e9s fizet\u00e9sek nyomon k\u00f6vet\u00e9s\u00e9re mind Android, mind iOS platformokon. Meg\u00e9rtj\u00fck, hogy a foglalkoztatott embereknek hat\u00e9kony megold\u00e1sokra van sz\u00fcks\u00e9g\u00fck, \u00e9s biztons\u00e1gos t\u00e1rol\u00f3rendszer\u00fcnk nyugalmat biztos\u00edt \u00fcgyfeleink &#8230; <a title=\"R\u00f3lunk\" class=\"read-more\" href=\"https:\/\/attendlr.com\/hu\/rolunk\/\" aria-label=\"More on R\u00f3lunk\">B\u0151vebben<\/a><\/p>\n","protected":false},"author":1,"featured_media":0,"parent":0,"menu_order":0,"comment_status":"closed","ping_status":"closed","template":"","meta":{"qubely_global_settings":"","qubely_interactions":"","_uag_custom_page_level_css":""},"aioseo_notices":[],"uagb_featured_image_src":{"full":false,"thumbnail":false,"medium":false,"medium_large":false,"large":false,"1536x1536":false,"2048x2048":false,"qubely_landscape":false,"qubely_portrait":false,"qubely_thumbnail":false},"uagb_author_info":{"display_name":"attadmin","author_link":"https:\/\/attendlr.com\/hu\/author\/attadmin\/"},"uagb_comment_info":0,"uagb_excerpt":"2023-ban alap\u00edtott Attendlr egy forradalmi szoftverc\u00e9g, melynek c\u00e9lja, hogy seg\u00edtse a fitnesz szakembereket \u00e9s v\u00e1llalkoz\u00f3kat \u00fcgyfeleik menedzsel\u00e9s\u00e9nek egyszer\u0171s\u00edt\u00e9s\u00e9ben. Innovat\u00edv term\u00e9k\u00fcnk, az Attendlr alkalmaz\u00e1s, egy k\u00f6nnyen haszn\u00e1lhat\u00f3 megold\u00e1st k\u00edn\u00e1l adatkezel\u00e9sre, esem\u00e9nyek \u00fctemez\u00e9s\u00e9re \u00e9s fizet\u00e9sek nyomon k\u00f6vet\u00e9s\u00e9re mind Android, mind iOS platformokon. Meg\u00e9rtj\u00fck, hogy a foglalkoztatott embereknek hat\u00e9kony megold\u00e1sokra van sz\u00fcks\u00e9g\u00fck, \u00e9s biztons\u00e1gos t\u00e1rol\u00f3rendszer\u00fcnk nyugalmat biztos\u00edt \u00fcgyfeleink&hellip;","_links":{"self":[{"href":"https:\/\/attendlr.com\/hu\/wp-json\/wp\/v2\/pages\/2141"}],"collection":[{"href":"https:\/\/attendlr.com\/hu\/wp-json\/wp\/v2\/pages"}],"about":[{"href":"https:\/\/attendlr.com\/hu\/wp-json\/wp\/v2\/types\/page"}],"author":[{"embeddable":true,"href":"https:\/\/attendlr.com\/hu\/wp-json\/wp\/v2\/users\/1"}],"replies":[{"embeddable":true,"href":"https:\/\/attendlr.com\/hu\/wp-json\/wp\/v2\/comments?post=2141"}],"version-history":[{"count":1,"href":"https:\/\/attendlr.com\/hu\/wp-json\/wp\/v2\/pages\/2141\/revisions"}],"predecessor-version":[{"id":2142,"href":"https:\/\/attendlr.com\/hu\/wp-json\/wp\/v2\/pages\/2141\/revisions\/2142"}],"wp:attachment":[{"href":"https:\/\/attendlr.com\/hu\/wp-json\/wp\/v2\/media?parent=2141"}],"curies":[{"name":"wp","href":"https:\/\/api.w.org\/{rel}","templated":true}]}}