{"id":2084,"date":"2023-05-28T09:22:26","date_gmt":"2023-05-28T09:22:26","guid":{"rendered":"https:\/\/attendlr.com\/blog\/"},"modified":"2023-05-28T09:22:27","modified_gmt":"2023-05-28T09:22:27","slug":"blog","status":"publish","type":"page","link":"https:\/\/attendlr.com\/hu\/blog\/","title":{"rendered":"Blog"},"content":{"rendered":"\n<div class=\"gb-grid-wrapper gb-grid-wrapper-787656bb gb-query-loop-wrapper\">\n<div class=\"gb-grid-column gb-grid-column-7619877a gb-query-loop-item post-1971 post type-post status-publish format-standard has-post-thumbnail hentry category-fitness-technologia category-fitnesz-uzleti-menedzsment category-fitnesz-uzleti-tippek category-ugyfelkezeles category-uzleti-hatekonysag tag-attendlr-hu tag-fitness-technologia tag-fizetesfigyeles tag-jelenlet-nyomon-kovetese tag-rendezvenyszervezes tag-sikertortenetek tag-ugyfel-megtartas tag-ugyfelkezeles tag-ugyfelkommunikacio tag-uzleti-betekintes tag-uzleti-hatekonysag tag-uzleti-siker infinite-scroll-item\"><div class=\"gb-container gb-container-7619877a\"><div class=\"gb-inside-container\">\n<h2 class=\"gb-headline gb-headline-35d8b780 gb-headline-text\"><a href=\"https:\/\/attendlr.com\/hu\/a-technologia-kihasznalasa-a-fitnesz-uzletagban-miert-az-attendlr-a-vegso-megoldas\/\">A technol\u00f3gia kihaszn\u00e1l\u00e1sa a fitnesz iparban: Mi\u00e9rt az Attendlr a legjobb megold\u00e1s?<\/a><\/h2>\n\n<p class=\"gb-headline gb-headline-bc3c9d8b gb-headline-text\"><time class=\"entry-date published\" datetime=\"2023-05-28T12:23:16+00:00\">m\u00e1jus 28, 2023<\/time><\/p>\n\n<div class=\"gb-grid-wrapper gb-grid-wrapper-5d4bfe55\">\n<div class=\"gb-grid-column gb-grid-column-4d98481f\"><div class=\"gb-container gb-container-4d98481f\">\n<div class=\"gb-headline gb-headline-c877ab39 gb-headline-text\">Szinte minden a technol\u00f3gia mark\u00e1ban van manaps\u00e1g, nemde? Legyen sz\u00f3 a nappalir\u00f3l, a kocsir\u00f3l, vagy ak\u00e1r az edz\u00e9sr\u0151l. Gondolom, te is vetted m\u00e1r a b\u00e1tors\u00e1got, \u00e9s kipr\u00f3b\u00e1lt\u00e1l egy virtu\u00e1lis edz\u00e9st, vagy \u00e9pp lecsekkoltad a napi l\u00e9p\u00e9ssz\u00e1modat a kedvenc fitnesz appodon. A technol\u00f3gia mintha egy laza, modern edz\u0151 lenne a teremben, aki \u00faj, hat\u00e9konyabb m\u00f3dszereket mutat be a mindennapi rutinunkba. Ha fitneszedz\u0151 vagy, az edz\u00e9si rutinok vil\u00e1g\u00e1ban otthon \u00e9rzed magad. Ott vagy az \u00fcgyfeleidnek, amikor az &#8230; <a title=\"A technol\u00f3gia kihaszn\u00e1l\u00e1sa a fitnesz iparban: Mi\u00e9rt az Attendlr a legjobb megold\u00e1s?\" class=\"read-more\" href=\"https:\/\/attendlr.com\/hu\/a-technologia-kihasznalasa-a-fitnesz-uzletagban-miert-az-attendlr-a-vegso-megoldas\/\" aria-label=\"More on A technol\u00f3gia kihaszn\u00e1l\u00e1sa a fitnesz iparban: Mi\u00e9rt az Attendlr a legjobb megold\u00e1s?\">B\u0151vebben<\/a><\/div>\n<\/div><\/div>\n\n<div class=\"gb-grid-column gb-grid-column-7535c4a9\"><div class=\"gb-container gb-container-7535c4a9\">\n<figure class=\"gb-block-image gb-block-image-78dd0028\"><a href=\"https:\/\/attendlr.com\/hu\/a-technologia-kihasznalasa-a-fitnesz-uzletagban-miert-az-attendlr-a-vegso-megoldas\/\"><img width=\"1024\" height=\"1024\" src=\"https:\/\/attendlr.com\/wp-content\/uploads\/2023\/05\/a_beautiful_female_fitness_instructor_interacting_with__ed7ba1d1-0719-4d48-b5ad-1c828bc82927.png\" class=\"gb-image-78dd0028\" alt=\"\" decoding=\"async\" srcset=\"https:\/\/attendlr.com\/wp-content\/uploads\/2023\/05\/a_beautiful_female_fitness_instructor_interacting_with__ed7ba1d1-0719-4d48-b5ad-1c828bc82927.png 1024w, https:\/\/attendlr.com\/wp-content\/uploads\/2023\/05\/a_beautiful_female_fitness_instructor_interacting_with__ed7ba1d1-0719-4d48-b5ad-1c828bc82927-300x300.png 300w, https:\/\/attendlr.com\/wp-content\/uploads\/2023\/05\/a_beautiful_female_fitness_instructor_interacting_with__ed7ba1d1-0719-4d48-b5ad-1c828bc82927-150x150.png 150w, https:\/\/attendlr.com\/wp-content\/uploads\/2023\/05\/a_beautiful_female_fitness_instructor_interacting_with__ed7ba1d1-0719-4d48-b5ad-1c828bc82927-768x768.png 768w\" sizes=\"(max-width: 1024px) 100vw, 1024px\" \/><\/a><\/figure>\n<\/div><\/div>\n<\/div>\n<\/div><\/div><\/div>\n\n<div class=\"gb-grid-column gb-grid-column-7619877a gb-query-loop-item post-2104 post type-post status-publish format-standard has-post-thumbnail hentry category-attendlr-hu category-fitnesz-uzleti-menedzsment category-szemelyre-szabott-szolgaltatas category-ugyfel-megtartas category-uzleti-strategia tag-attendlr-hu tag-az-eredmenyek-unneplese tag-fitneszoktatok tag-kommunikacio tag-szemelyre-szabott-edzestervek tag-ugyfel-megtartas tag-ugyfel-visszajelzes tag-ugyfelkapcsolat-hu tag-uzleti-siker infinite-scroll-item\"><div class=\"gb-container gb-container-7619877a\"><div class=\"gb-inside-container\">\n<h2 class=\"gb-headline gb-headline-35d8b780 gb-headline-text\"><a href=\"https:\/\/attendlr.com\/hu\/hogyan-javitsuk-az-ugyfelmegtartast-fitneszoktatokent\/\">Hogyan jav\u00edtsuk az \u00fcgyf\u00e9lmegtart\u00e1st fitneszoktat\u00f3k\u00e9nt?<\/a><\/h2>\n\n<p class=\"gb-headline gb-headline-bc3c9d8b gb-headline-text\"><time class=\"entry-date published\" datetime=\"2023-05-28T12:08:23+00:00\">m\u00e1jus 28, 2023<\/time><\/p>\n\n<div class=\"gb-grid-wrapper gb-grid-wrapper-5d4bfe55\">\n<div class=\"gb-grid-column gb-grid-column-4d98481f\"><div class=\"gb-container gb-container-4d98481f\">\n<div class=\"gb-headline gb-headline-c877ab39 gb-headline-text\">A fitneszoktat\u00f3k sz\u00e1m\u00e1ra kulcsfontoss\u00e1g\u00fa a sikerhez, hogy er\u0151s kapcsolatot \u00e9p\u00edtsenek \u00fcgyfeleikkel, hiszen az \u0151 t\u00e1mogat\u00e1suk n\u00e9lk\u00fcl nem lenne m\u0171k\u00f6d\u0151 v\u00e1llalkoz\u00e1s. \u00c9s ami m\u00e9g jobb, sz\u00e1mos hat\u00e9kony m\u00f3dszer l\u00e9tezik, amelyek seg\u00edthetnek az \u00fcgyfelek megtart\u00e1s\u00e1ban \u00e9s a bizalmuk \u00e1pol\u00e1s\u00e1ban. Az al\u00e1bbiakban n\u00e9h\u00e1ny legjobb tipp\u00fcnk olvashat\u00f3, amelyek seg\u00edts\u00e9g\u00e9vel er\u0151s\u00edtheti ezeket a fontos kapcsolatokat \u00f6n \u00e9s az edz\u0151termi vend\u00e9gei k\u00f6z\u00f6tt. Kapcsolatok \u00e9p\u00edt\u00e9se Az \u00fcgyf\u00e9lmegtart\u00e1s jav\u00edt\u00e1s\u00e1nak els\u0151 l\u00e9p\u00e9se az \u00fcgyfelekkel val\u00f3 kapcsolat\u00e9p\u00edt\u00e9s. \u00dcgyfeleid nagyobb val\u00f3sz\u00edn\u0171s\u00e9ggel fognak visszat\u00e9rni hozz\u00e1d, ha kapcsolatot &#8230; <a title=\"Hogyan jav\u00edtsuk az \u00fcgyf\u00e9lmegtart\u00e1st fitneszoktat\u00f3k\u00e9nt?\" class=\"read-more\" href=\"https:\/\/attendlr.com\/hu\/hogyan-javitsuk-az-ugyfelmegtartast-fitneszoktatokent\/\" aria-label=\"More on Hogyan jav\u00edtsuk az \u00fcgyf\u00e9lmegtart\u00e1st fitneszoktat\u00f3k\u00e9nt?\">B\u0151vebben<\/a><\/div>\n<\/div><\/div>\n\n<div class=\"gb-grid-column gb-grid-column-7535c4a9\"><div class=\"gb-container gb-container-7535c4a9\">\n<figure class=\"gb-block-image gb-block-image-78dd0028\"><a href=\"https:\/\/attendlr.com\/hu\/hogyan-javitsuk-az-ugyfelmegtartast-fitneszoktatokent\/\"><img width=\"1024\" height=\"1024\" src=\"https:\/\/attendlr.com\/wp-content\/uploads\/2023\/04\/Engaged_clients_in_gym_personalized_approach_progress_t_1ed902b6-84bc-4161-8945-a0e86d7b703e.png\" class=\"gb-image-78dd0028\" alt=\"\" decoding=\"async\" srcset=\"https:\/\/attendlr.com\/wp-content\/uploads\/2023\/04\/Engaged_clients_in_gym_personalized_approach_progress_t_1ed902b6-84bc-4161-8945-a0e86d7b703e.png 1024w, https:\/\/attendlr.com\/wp-content\/uploads\/2023\/04\/Engaged_clients_in_gym_personalized_approach_progress_t_1ed902b6-84bc-4161-8945-a0e86d7b703e-300x300.png 300w, https:\/\/attendlr.com\/wp-content\/uploads\/2023\/04\/Engaged_clients_in_gym_personalized_approach_progress_t_1ed902b6-84bc-4161-8945-a0e86d7b703e-150x150.png 150w, https:\/\/attendlr.com\/wp-content\/uploads\/2023\/04\/Engaged_clients_in_gym_personalized_approach_progress_t_1ed902b6-84bc-4161-8945-a0e86d7b703e-768x768.png 768w\" sizes=\"(max-width: 1024px) 100vw, 1024px\" \/><\/a><\/figure>\n<\/div><\/div>\n<\/div>\n<\/div><\/div><\/div>\n\n<div class=\"gb-grid-column gb-grid-column-7619877a gb-query-loop-item post-2099 post type-post status-publish format-standard has-post-thumbnail hentry category-attendlr-hu category-fitnesz-uzleti-menedzsment category-uzleti-hatekonysag category-uzleti-novekedes tag-attendlr-hu tag-bevetelek-novekedes tag-fitneszoktatok tag-jelentesek-es-elemzesek tag-kommunikacio tag-mobil-alkalmazas tag-ugyfel-elettartam-ertek tag-ugyfelkapcsolat-hu tag-uzleti-terjeszkedes infinite-scroll-item\"><div class=\"gb-container gb-container-7619877a\"><div class=\"gb-inside-container\">\n<h2 class=\"gb-headline gb-headline-35d8b780 gb-headline-text\"><a href=\"https:\/\/attendlr.com\/hu\/attendlr-a-kulcs-a-sikerhez\/\">Attendlr: A kulcs a sikerhez<\/a><\/h2>\n\n<p class=\"gb-headline gb-headline-bc3c9d8b gb-headline-text\"><time class=\"entry-date published\" datetime=\"2023-05-28T10:22:26+00:00\">m\u00e1jus 28, 2023<\/time><\/p>\n\n<div class=\"gb-grid-wrapper gb-grid-wrapper-5d4bfe55\">\n<div class=\"gb-grid-column gb-grid-column-4d98481f\"><div class=\"gb-container gb-container-4d98481f\">\n<div class=\"gb-headline gb-headline-c877ab39 gb-headline-text\">Fitneszoktat\u00f3k\u00e9nt fontos szerepet j\u00e1tszol abban, hogy az emberek megval\u00f3s\u00edthass\u00e1k fitneszc\u00e9ljaikat \u00e9s eg\u00e9szs\u00e9gesebb \u00e9letet \u00e9lhessenek. A saj\u00e1t v\u00e1llalkoz\u00e1sod ir\u00e1ny\u00edt\u00e1sa azonban igazi kih\u00edv\u00e1st jelenthet, k\u00fcl\u00f6n\u00f6sen, ha a l\u00e1togatotts\u00e1g, a p\u00e9nz\u00fcgyek \u00e9s az \u00fcgyf\u00e9lkapcsolatok nyomon k\u00f6vet\u00e9s\u00e9r\u0151l van sz\u00f3. Itt j\u00f6n a k\u00e9pbe az Attendlr \u2013 egy kifejezetten az te sz\u00e1modra kifejlesztett, kiv\u00e1l\u00f3 min\u0151s\u00e9g\u0171 alkalmaz\u00e1s. Az Attendlr Androidra \u00e9s iPhone-ra is el\u00e9rhet\u0151, \u00e9s megk\u00f6nny\u00edti a fitnesz\u00fczlet egyszer\u0171 kezel\u00e9s\u00e9t. Sz\u00e1mos el\u0151nye miatt ez az alkalmaz\u00e1s elengedhetetlen a fitneszoktat\u00f3k sz\u00e1m\u00e1ra, akik &#8230; <a title=\"Attendlr: A kulcs a sikerhez\" class=\"read-more\" href=\"https:\/\/attendlr.com\/hu\/attendlr-a-kulcs-a-sikerhez\/\" aria-label=\"More on Attendlr: A kulcs a sikerhez\">B\u0151vebben<\/a><\/div>\n<\/div><\/div>\n\n<div class=\"gb-grid-column gb-grid-column-7535c4a9\"><div class=\"gb-container gb-container-7535c4a9\">\n<figure class=\"gb-block-image gb-block-image-78dd0028\"><a href=\"https:\/\/attendlr.com\/hu\/attendlr-a-kulcs-a-sikerhez\/\"><img width=\"1024\" height=\"1024\" src=\"https:\/\/attendlr.com\/wp-content\/uploads\/2023\/02\/Fit_instructor_motivated_class_gym_setting._bd459096-1603-4239-83d3-58cefd7489a9.png\" class=\"gb-image-78dd0028\" alt=\"\" decoding=\"async\" srcset=\"https:\/\/attendlr.com\/wp-content\/uploads\/2023\/02\/Fit_instructor_motivated_class_gym_setting._bd459096-1603-4239-83d3-58cefd7489a9.png 1024w, https:\/\/attendlr.com\/wp-content\/uploads\/2023\/02\/Fit_instructor_motivated_class_gym_setting._bd459096-1603-4239-83d3-58cefd7489a9-300x300.png 300w, https:\/\/attendlr.com\/wp-content\/uploads\/2023\/02\/Fit_instructor_motivated_class_gym_setting._bd459096-1603-4239-83d3-58cefd7489a9-150x150.png 150w, https:\/\/attendlr.com\/wp-content\/uploads\/2023\/02\/Fit_instructor_motivated_class_gym_setting._bd459096-1603-4239-83d3-58cefd7489a9-768x768.png 768w\" sizes=\"(max-width: 1024px) 100vw, 1024px\" \/><\/a><\/figure>\n<\/div><\/div>\n<\/div>\n<\/div><\/div><\/div>\n\n<div class=\"gb-grid-column gb-grid-column-7619877a gb-query-loop-item post-2097 post type-post status-publish format-standard has-post-thumbnail hentry category-attendlr-hu category-fitnesz-uzleti-menedzsment category-uzleti-hatekonysag category-uzleti-novekedes tag-attendlr-hu tag-bevetelek-novekedes tag-fitneszoktatok tag-jelentesek-es-elemzesek tag-kommunikacio tag-mobil-alkalmazas tag-ugyfelkapcsolat tag-ugyfelkezeles tag-utemezesi-eszkozok tag-uzleti-terjeszkedes infinite-scroll-item\"><div class=\"gb-container gb-container-7619877a\"><div class=\"gb-inside-container\">\n<h2 class=\"gb-headline gb-headline-35d8b780 gb-headline-text\"><a href=\"https:\/\/attendlr.com\/hu\/fitnesz-vallalkozasod-optimalizalasa-az-attendlr-segitsegevel-a-tokeletes-app-a-fitneszoktatok-szamara\/\">Fitnesz v\u00e1llalkoz\u00e1sod optimaliz\u00e1l\u00e1sa az Attendlr seg\u00edts\u00e9g\u00e9vel: A t\u00f6k\u00e9letes app a fitneszoktat\u00f3k sz\u00e1m\u00e1ra<\/a><\/h2>\n\n<p class=\"gb-headline gb-headline-bc3c9d8b gb-headline-text\"><time class=\"entry-date published\" datetime=\"2023-05-28T10:14:29+00:00\">m\u00e1jus 28, 2023<\/time><\/p>\n\n<div class=\"gb-grid-wrapper gb-grid-wrapper-5d4bfe55\">\n<div class=\"gb-grid-column gb-grid-column-4d98481f\"><div class=\"gb-container gb-container-4d98481f\">\n<div class=\"gb-headline gb-headline-c877ab39 gb-headline-text\">Az Attendlr a t\u00f6k\u00e9letes t\u00e1rs minden olyan fitneszoktat\u00f3 sz\u00e1m\u00e1ra, aki \u00faj magass\u00e1gokba szeretn\u00e9 emelni karrierj\u00e9t! A rengeteg hat\u00e9kony funkci\u00f3t biztos\u00edt\u00f3 program ide\u00e1lis a v\u00e1llalkoz\u00e1s szervez\u00e9s\u00e9hez \u00e9s b\u0151v\u00edt\u00e9s\u00e9hez. Ak\u00e1r a fejlett \u00fctemez\u00e9si eszk\u00f6z\u00f6kh\u00f6z val\u00f3 hozz\u00e1f\u00e9r\u00e9sre, ak\u00e1r az \u00fcgyf\u00e9ladatokba val\u00f3 betekint\u00e9sre van sz\u00fcks\u00e9ged \u2013 az Attendlr teljes k\u00f6r\u0171en t\u00e1mogat t\u00e9ged! \u00d6sszess\u00e9g\u00e9ben az Attendlr nagyszer\u0171 v\u00e1laszt\u00e1s a fitneszoktat\u00f3k sz\u00e1m\u00e1ra, akik szeretn\u00e9k kezelni \u00e9s n\u00f6velni v\u00e1llalkoz\u00e1sukat. Az Attendlr az egyszer\u0171 \u00fcgyf\u00e9lkezel\u00e9ssel, az egyszer\u0171s\u00edtett kommunik\u00e1ci\u00f3val, a fejlett jelent\u00e9sk\u00e9sz\u00edt\u00e9ssel \u00e9s a &#8230; <a title=\"Fitnesz v\u00e1llalkoz\u00e1sod optimaliz\u00e1l\u00e1sa az Attendlr seg\u00edts\u00e9g\u00e9vel: A t\u00f6k\u00e9letes app a fitneszoktat\u00f3k sz\u00e1m\u00e1ra\" class=\"read-more\" href=\"https:\/\/attendlr.com\/hu\/fitnesz-vallalkozasod-optimalizalasa-az-attendlr-segitsegevel-a-tokeletes-app-a-fitneszoktatok-szamara\/\" aria-label=\"More on Fitnesz v\u00e1llalkoz\u00e1sod optimaliz\u00e1l\u00e1sa az Attendlr seg\u00edts\u00e9g\u00e9vel: A t\u00f6k\u00e9letes app a fitneszoktat\u00f3k sz\u00e1m\u00e1ra\">B\u0151vebben<\/a><\/div>\n<\/div><\/div>\n\n<div class=\"gb-grid-column gb-grid-column-7535c4a9\"><div class=\"gb-container gb-container-7535c4a9\">\n<figure class=\"gb-block-image gb-block-image-78dd0028\"><a href=\"https:\/\/attendlr.com\/hu\/fitnesz-vallalkozasod-optimalizalasa-az-attendlr-segitsegevel-a-tokeletes-app-a-fitneszoktatok-szamara\/\"><img width=\"1024\" height=\"1024\" src=\"https:\/\/attendlr.com\/wp-content\/uploads\/2023\/01\/fitness-instructor-in-a-gym-using-a-fitness-app-on-smartphone.png\" class=\"gb-image-78dd0028\" alt=\"\" decoding=\"async\" srcset=\"https:\/\/attendlr.com\/wp-content\/uploads\/2023\/01\/fitness-instructor-in-a-gym-using-a-fitness-app-on-smartphone.png 1024w, https:\/\/attendlr.com\/wp-content\/uploads\/2023\/01\/fitness-instructor-in-a-gym-using-a-fitness-app-on-smartphone-300x300.png 300w, https:\/\/attendlr.com\/wp-content\/uploads\/2023\/01\/fitness-instructor-in-a-gym-using-a-fitness-app-on-smartphone-150x150.png 150w, https:\/\/attendlr.com\/wp-content\/uploads\/2023\/01\/fitness-instructor-in-a-gym-using-a-fitness-app-on-smartphone-768x768.png 768w\" sizes=\"(max-width: 1024px) 100vw, 1024px\" \/><\/a><\/figure>\n<\/div><\/div>\n<\/div>\n<\/div><\/div><\/div>\n\n<div class=\"gb-grid-column gb-grid-column-7619877a gb-query-loop-item post-2093 post type-post status-publish format-standard has-post-thumbnail hentry category-adatbiztonsag category-adatkezeles category-attendlr-hu category-fitnesz-uzleti-menedzsment category-uzleti-hatekonysag tag-adatbiztonsag tag-adatkonzisztencia tag-adatmentes tag-adattarolas tag-attendlr-hu tag-automatizalt-adatbevitel tag-fitneszoktatok tag-ugyfelkezeles tag-uzleti-hatekonysag infinite-scroll-item\"><div class=\"gb-container gb-container-7619877a\"><div class=\"gb-inside-container\">\n<h2 class=\"gb-headline gb-headline-35d8b780 gb-headline-text\"><a href=\"https:\/\/attendlr.com\/hu\/hogyan-tarolja-a-profi-fitneszedzo-ugyfelei-adatait\/\">Hogyan t\u00e1rolja a profi fitneszedz\u0151 \u00fcgyfelei adatait?<\/a><\/h2>\n\n<p class=\"gb-headline gb-headline-bc3c9d8b gb-headline-text\"><time class=\"entry-date published\" datetime=\"2023-05-28T10:06:23+00:00\">m\u00e1jus 28, 2023<\/time><\/p>\n\n<div class=\"gb-grid-wrapper gb-grid-wrapper-5d4bfe55\">\n<div class=\"gb-grid-column gb-grid-column-4d98481f\"><div class=\"gb-container gb-container-4d98481f\">\n<div class=\"gb-headline gb-headline-c877ab39 gb-headline-text\">Fitneszoktat\u00f3k\u00e9nt az egyik leg\u00e9rt\u00e9kesebb vagyont\u00e1rgyad az \u00fcgyfeleid adatai. Nemcsak a szervezetts\u00e9g \u00e9s a fontos inform\u00e1ci\u00f3k nyomon k\u00f6vet\u00e9se szempontj\u00e1b\u00f3l kulcsfontoss\u00e1g\u00faak, hanem az \u00fcgyf\u00e9l\u00e9lm\u00e9ny fokoz\u00e1s\u00e1ra \u00e9s a fitneszeredm\u00e9nyek jav\u00edt\u00e1s\u00e1ra is felhaszn\u00e1lhat\u00f3k. De hogyan \u00e9rdemes t\u00e1rolni ezeket az adatokat? Pap\u00edralap\u00fa dokumentumokat vagy digit\u00e1lis eszk\u00f6z\u00f6ket, p\u00e9ld\u00e1ul t\u00e1bl\u00e1zatkezel\u0151ket \u00e9rdemes haszn\u00e1lni? Ebben a blogbejegyz\u00e9sben az \u00fcgyf\u00e9ladatok t\u00e1rol\u00e1s\u00e1ra vonatkoz\u00f3 legjobb gyakorlatokat vizsg\u00e1ljuk meg, \u00e9s megvitatjuk az olyan speci\u00e1lis szoftverek haszn\u00e1lat\u00e1nak el\u0151nyeit, mint az Attendlr. Szoftver haszn\u00e1lata az \u00fcgyf\u00e9ladatok t\u00e1rol\u00e1s\u00e1ra Az \u00fcgyf\u00e9ladatok t\u00e1rol\u00e1s\u00e1nak &#8230; <a title=\"Hogyan t\u00e1rolja a profi fitneszedz\u0151 \u00fcgyfelei adatait?\" class=\"read-more\" href=\"https:\/\/attendlr.com\/hu\/hogyan-tarolja-a-profi-fitneszedzo-ugyfelei-adatait\/\" aria-label=\"More on Hogyan t\u00e1rolja a profi fitneszedz\u0151 \u00fcgyfelei adatait?\">B\u0151vebben<\/a><\/div>\n<\/div><\/div>\n\n<div class=\"gb-grid-column gb-grid-column-7535c4a9\"><div class=\"gb-container gb-container-7535c4a9\">\n<figure class=\"gb-block-image gb-block-image-78dd0028\"><a href=\"https:\/\/attendlr.com\/hu\/hogyan-tarolja-a-profi-fitneszedzo-ugyfelei-adatait\/\"><img width=\"1024\" height=\"1024\" src=\"https:\/\/attendlr.com\/wp-content\/uploads\/2023\/04\/TothAti_an_oldschool_way_of_recording_clients_data_on_paper_in__a92a977c-db06-473d-a269-704cff408ba6.png\" class=\"gb-image-78dd0028\" alt=\"\" decoding=\"async\" srcset=\"https:\/\/attendlr.com\/wp-content\/uploads\/2023\/04\/TothAti_an_oldschool_way_of_recording_clients_data_on_paper_in__a92a977c-db06-473d-a269-704cff408ba6.png 1024w, https:\/\/attendlr.com\/wp-content\/uploads\/2023\/04\/TothAti_an_oldschool_way_of_recording_clients_data_on_paper_in__a92a977c-db06-473d-a269-704cff408ba6-300x300.png 300w, https:\/\/attendlr.com\/wp-content\/uploads\/2023\/04\/TothAti_an_oldschool_way_of_recording_clients_data_on_paper_in__a92a977c-db06-473d-a269-704cff408ba6-150x150.png 150w, https:\/\/attendlr.com\/wp-content\/uploads\/2023\/04\/TothAti_an_oldschool_way_of_recording_clients_data_on_paper_in__a92a977c-db06-473d-a269-704cff408ba6-768x768.png 768w\" sizes=\"(max-width: 1024px) 100vw, 1024px\" \/><\/a><\/figure>\n<\/div><\/div>\n<\/div>\n<\/div><\/div><\/div>\n\n<div class=\"gb-grid-column gb-grid-column-7619877a gb-query-loop-item post-2089 post type-post status-publish format-standard has-post-thumbnail hentry category-fitnesz-uzleti-menedzsment category-ugyfelszolgalat category-uzleti-kommunikacio category-uzleti-novekedes tag-attendlr-hu tag-bevetelek-novekedes tag-fitneszoktatok tag-jelentesek-es-elemzesek tag-kommunikacio tag-mobil-alkalmazas tag-ugyfelkezeles tag-ugyfelkozpontusag tag-uzleti-hatekonysag infinite-scroll-item\"><div class=\"gb-container gb-container-7619877a\"><div class=\"gb-inside-container\">\n<h2 class=\"gb-headline gb-headline-35d8b780 gb-headline-text\"><a href=\"https:\/\/attendlr.com\/hu\/a-kommunikacio-fontossaga-a-fitneszoktatasban-igy-segithet-az-attendlr\/\">A kommunik\u00e1ci\u00f3 fontoss\u00e1ga a fitneszoktat\u00e1sban: \u00cdgy seg\u00edthet az Attendlr<\/a><\/h2>\n\n<p class=\"gb-headline gb-headline-bc3c9d8b gb-headline-text\"><time class=\"entry-date published\" datetime=\"2023-05-28T09:48:03+00:00\">m\u00e1jus 28, 2023<\/time><\/p>\n\n<div class=\"gb-grid-wrapper gb-grid-wrapper-5d4bfe55\">\n<div class=\"gb-grid-column gb-grid-column-4d98481f\"><div class=\"gb-container gb-container-4d98481f\">\n<div class=\"gb-headline gb-headline-c877ab39 gb-headline-text\">A hat\u00e9kony kommunik\u00e1ci\u00f3 minden v\u00e1llalkoz\u00e1s siker\u00e9nek kulcsa, \u00e9s ez k\u00fcl\u00f6n\u00f6sen igaz a fitnesziparban. Fitneszoktat\u00f3k\u00e9nt fontos, hogy hat\u00e9konyan tudj kommunik\u00e1lni az \u00fcgyfeleiddel, hogy bizalmat \u00e9p\u00edthess \u00e9s szem\u00e9lyre szabott edz\u00e9st ny\u00fajts, amely seg\u00edt nekik el\u00e9rni c\u00e9ljaikat. Az Attendlr egy kifejezetten fitneszoktat\u00f3k sz\u00e1m\u00e1ra kifejlesztett CRM-alkalmaz\u00e1s, amely seg\u00edthet jav\u00edtani az \u00fcgyfelekkel val\u00f3 kommunik\u00e1ci\u00f3t, \u00e9s fejleszteni a v\u00e1llalkoz\u00e1sodat. Az Attendlr egyik f\u0151 eszk\u00f6ze az \u00fcgyfelekkel val\u00f3 kommunik\u00e1ci\u00f3 jav\u00edt\u00e1s\u00e1ra az, hogy egyszer\u0171 m\u00f3dot biztos\u00edt a fontos \u00fcgyf\u00e9linform\u00e1ci\u00f3k t\u00e1rol\u00e1s\u00e1ra \u00e9s el\u00e9r\u00e9s\u00e9re. Ezek &#8230; <a title=\"A kommunik\u00e1ci\u00f3 fontoss\u00e1ga a fitneszoktat\u00e1sban: \u00cdgy seg\u00edthet az Attendlr\" class=\"read-more\" href=\"https:\/\/attendlr.com\/hu\/a-kommunikacio-fontossaga-a-fitneszoktatasban-igy-segithet-az-attendlr\/\" aria-label=\"More on A kommunik\u00e1ci\u00f3 fontoss\u00e1ga a fitneszoktat\u00e1sban: \u00cdgy seg\u00edthet az Attendlr\">B\u0151vebben<\/a><\/div>\n<\/div><\/div>\n\n<div class=\"gb-grid-column gb-grid-column-7535c4a9\"><div class=\"gb-container gb-container-7535c4a9\">\n<figure class=\"gb-block-image gb-block-image-78dd0028\"><a href=\"https:\/\/attendlr.com\/hu\/a-kommunikacio-fontossaga-a-fitneszoktatasban-igy-segithet-az-attendlr\/\"><img width=\"1024\" height=\"1024\" src=\"https:\/\/attendlr.com\/wp-content\/uploads\/2023\/01\/fitness_instructor_speaking_with_client_in_gym_2d65f8ff-e2bd-40fa-bc03-7d0874876272.png\" class=\"gb-image-78dd0028\" alt=\"\" decoding=\"async\" srcset=\"https:\/\/attendlr.com\/wp-content\/uploads\/2023\/01\/fitness_instructor_speaking_with_client_in_gym_2d65f8ff-e2bd-40fa-bc03-7d0874876272.png 1024w, https:\/\/attendlr.com\/wp-content\/uploads\/2023\/01\/fitness_instructor_speaking_with_client_in_gym_2d65f8ff-e2bd-40fa-bc03-7d0874876272-300x300.png 300w, https:\/\/attendlr.com\/wp-content\/uploads\/2023\/01\/fitness_instructor_speaking_with_client_in_gym_2d65f8ff-e2bd-40fa-bc03-7d0874876272-150x150.png 150w, https:\/\/attendlr.com\/wp-content\/uploads\/2023\/01\/fitness_instructor_speaking_with_client_in_gym_2d65f8ff-e2bd-40fa-bc03-7d0874876272-768x768.png 768w\" sizes=\"(max-width: 1024px) 100vw, 1024px\" \/><\/a><\/figure>\n<\/div><\/div>\n<\/div>\n<\/div><\/div><\/div>\n<\/div>\n","protected":false},"excerpt":{"rendered":"","protected":false},"author":1,"featured_media":0,"parent":0,"menu_order":0,"comment_status":"closed","ping_status":"closed","template":"","meta":{"qubely_global_settings":"","qubely_interactions":"","_uag_custom_page_level_css":""},"aioseo_notices":[],"uagb_featured_image_src":{"full":false,"thumbnail":false,"medium":false,"medium_large":false,"large":false,"1536x1536":false,"2048x2048":false,"qubely_landscape":false,"qubely_portrait":false,"qubely_thumbnail":false},"uagb_author_info":{"display_name":"attadmin","author_link":"https:\/\/attendlr.com\/hu\/author\/attadmin\/"},"uagb_comment_info":0,"uagb_excerpt":null,"_links":{"self":[{"href":"https:\/\/attendlr.com\/hu\/wp-json\/wp\/v2\/pages\/2084"}],"collection":[{"href":"https:\/\/attendlr.com\/hu\/wp-json\/wp\/v2\/pages"}],"about":[{"href":"https:\/\/attendlr.com\/hu\/wp-json\/wp\/v2\/types\/page"}],"author":[{"embeddable":true,"href":"https:\/\/attendlr.com\/hu\/wp-json\/wp\/v2\/users\/1"}],"replies":[{"embeddable":true,"href":"https:\/\/attendlr.com\/hu\/wp-json\/wp\/v2\/comments?post=2084"}],"version-history":[{"count":3,"href":"https:\/\/attendlr.com\/hu\/wp-json\/wp\/v2\/pages\/2084\/revisions"}],"predecessor-version":[{"id":2087,"href":"https:\/\/attendlr.com\/hu\/wp-json\/wp\/v2\/pages\/2084\/revisions\/2087"}],"wp:attachment":[{"href":"https:\/\/attendlr.com\/hu\/wp-json\/wp\/v2\/media?parent=2084"}],"curies":[{"name":"wp","href":"https:\/\/api.w.org\/{rel}","templated":true}]}}