{"id":1976,"date":"2023-05-27T16:23:17","date_gmt":"2023-05-27T16:23:17","guid":{"rendered":"https:\/\/attendlr.com\/ugyfelmegtartas-menedzsment-az-attendlrrel\/"},"modified":"2023-05-28T17:17:04","modified_gmt":"2023-05-28T17:17:04","slug":"ugyfelmegtartas-menedzsment-az-attendlrrel","status":"publish","type":"page","link":"https:\/\/attendlr.com\/hu\/ugyfelmegtartas-menedzsment-az-attendlrrel\/","title":{"rendered":"\u00dcgyf\u00e9lmegtart\u00e1s az Attendlrrel"},"content":{"rendered":"\n<h1 class=\"wp-block-heading has-text-align-center\">\u00dcgyf\u00e9lmegtart\u00e1s az Attendlrrel<\/h1>\n\n<p class=\"has-text-align-center\">Minden fitneszv\u00e1llalkoz\u00e1s sz\u00e1m\u00e1ra kardin\u00e1lis k\u00e9rd\u00e9s az \u00fcgyfelek megtart\u00e1sa. Hiszen tudjuk, milyen verseng\u0151 ipar\u00e1gban dolgozunk, ahol az \u00faj \u00fcgyfelek becs\u00e1b\u00edt\u00e1sa t\u00f6bbe ker\u00fcl, mint a megl\u00e9v\u0151k h\u0171s\u00e9g\u00e9nek meg\u0151rz\u00e9se. Ez\u00e9rt fontos, hogy az \u00fcgyfeleinket ne csak meg\u0151rizz\u00fck, de akt\u00edvan elk\u00f6telezz\u00fck \u00e9s el\u00e9gedett\u00e9 tegy\u00fck \u0151ket. Az Attendlr eszk\u00f6zzel k\u00f6nnyen \u00e9s \u00e1tl\u00e1that\u00f3an meg\u00e9rtheted az \u00fcgyf\u00e9lmegtart\u00e1si r\u00e1t\u00e1d. Ez remek\u00fcl mutatja, hogy mennyire vagyunk sikeresek abban, hogy megtartsuk az \u00fcgyf\u00e9lk\u00f6r\u00fcnket egy adott id\u0151szakban.   <\/p>\n\n<p class=\"has-text-align-center\">Az Attendlr \u00fcgyf\u00e9lmegtart\u00e1si funkci\u00f3ja nagy figyelemmel k\u00f6veti azoknak az \u00fcgyfeleknek a sz\u00e1m\u00e1t, akik h\u0171s\u00e9gesek maradtak egy meghat\u00e1rozott id\u0151szakban. Nem csak azt l\u00e1tjuk, hogy r\u00e9szt vesznek-e, hanem azt is, hogy milyen rendszeresen \u00e9s k\u00f6vetkezetesen. Ez a funkci\u00f3 leegyszer\u0171s\u00edti a bonyolult adatokat, \u00e9s \u00e1ttekinthet\u0151 sz\u00e1mokk\u00e1 alak\u00edtja \u00e1t \u0151ket. Mindezen kereszt\u00fcl pedig betekint\u00e9st nyerhetsz az \u00fcgyfelek \u00fatj\u00e1ba, a bel\u00e9p\u00e9st\u0151l eg\u00e9szen a jelenlegi helyzet\u00fckig.   <\/p>\n\n<p class=\"has-text-align-center\">Ezenk\u00edv\u00fcl a funkci\u00f3 olyan inform\u00e1ci\u00f3kat is ad, amelyek seg\u00edtenek \u00e9rt\u00e9kelni az \u00fcgyf\u00e9lkezel\u00e9si strat\u00e9gi\u00e1id hat\u00e9konys\u00e1g\u00e1t. Vajon az \u00fcgyfeleid m\u00e1r n\u00e9h\u00e1ny alkalom ut\u00e1n elvesz\u00edtik az \u00e9rdekl\u0151d\u00e9s\u00fcket, vagy kitart\u00f3an jelen vannak? Bev\u00e1ltak-e az \u00fcgyf\u00e9l-beszerez\u00e9si strat\u00e9gi\u00e1id? Ezek olyan fontos k\u00e9rd\u00e9sek, amelyekre az \u00fcgyf\u00e9lmegtart\u00e1si funkci\u00f3 v\u00e1laszt ad.   <\/p>\n\n<p class=\"has-text-align-center\">Az, hogy magas az \u00fcgyf\u00e9l megtart\u00e1si ar\u00e1nyod, nem csak a bev\u00e9teleid n\u00f6veked\u00e9s\u00e9r\u0151l sz\u00f3l, hanem arr\u00f3l is, hogy az \u00fczleted stabilan \u00e9s sikeresen m\u0171k\u00f6dik. Ez azt jelenti, hogy az \u00fcgyfeleid \u00e9rt\u00e9ket tal\u00e1lnak a szolg\u00e1ltat\u00e1saidban, tisztelik a munk\u00e1dat, \u00e9s \u00fagy d\u00f6ntenek, hogy h\u0171s\u00e9gesek maradnak hozz\u00e1d. A magas megtart\u00e1si ar\u00e1ny t\u00f6bb \u00fcgyf\u00e9lt\u0151l sz\u00e1rmaz\u00f3 aj\u00e1nl\u00e1sokat, er\u0151sebb \u00fcgyf\u00e9lkapcsolatokat \u00e9s egy j\u00f3l m\u0171k\u00f6d\u0151, j\u00f3 h\u00edr\u0171 fitneszv\u00e1llalkoz\u00e1st eredm\u00e9nyezhet. \u00cdgy teh\u00e1t az \u00fcgyf\u00e9lmegtart\u00e1si ar\u00e1ny meg\u00e9rt\u00e9se \u00e9s optimaliz\u00e1l\u00e1sa kulcsszerepet j\u00e1tszhat a v\u00e1llalkoz\u00e1sod hossz\u00fa t\u00e1v\u00fa siker\u00e9ben \u00e9s fenntarthat\u00f3s\u00e1g\u00e1ban.   <\/p>\n<div class=\"gb-container gb-container-7c80523d\">\n\n<h2 class=\"wp-block-heading\" id=\"client-dropouts\">\u00dcgyf\u00e9l-lemorzsol\u00f3d\u00e1s<\/h2>\n\n\n<div class=\"gb-grid-wrapper gb-grid-wrapper-208688c4\">\n<div class=\"gb-grid-column gb-grid-column-d24d8b32\"><div class=\"gb-container gb-container-d24d8b32\">\n\n<h4 class=\"wp-block-heading\" style=\"font-size:12px;font-style:normal;font-weight:300;text-transform:uppercase\">Minim\u00e1lisan sz\u00fcks\u00e9ges csomag: Basic<\/h4>\n\n\n\n<p>Egy fitnesz\u00fczlet sikeres m\u0171k\u00f6d\u00e9s\u00e9hez elengedhetetlen, hogy meg\u00e9rts\u00fck az \u00fcgyfelek lemorzsol\u00f3d\u00e1s\u00e1nak dinamik\u00e1j\u00e1t &#8211; ez seg\u00edt jobban ir\u00e1ny\u00edtani az \u00fczletet \u00e9s jav\u00edtani annak eg\u00e9szs\u00e9g\u00e9t. Az Attendlr \u00e1ltal k\u00edn\u00e1lt &#8216;\u00fcgyf\u00e9l-lemorzsol\u00f3d\u00e1s&#8217; funkci\u00f3 remek eszk\u00f6z erre, amely alaposan nyomon k\u00f6veti \u00e9s jelenti azokat az \u00fcgyfeleket, akik m\u00e1r nem vesznek r\u00e9szt az \u00f3r\u00e1idon vagy esem\u00e9nyeiden. De nem csak ennyi &#8211; ezen t\u00fal m\u00e9g seg\u00edts\u00e9get is ad abban, hogy meg\u00e9rts\u00fck, mi\u00e9rt t\u00f6rt\u00e9nik a lemorzsol\u00f3d\u00e1s, \u00edgy hat\u00e9konyan l\u00e9phetsz fel annak meg\u00e1ll\u00edt\u00e1s\u00e1ra.  <\/p>\n\n\n\n<p>Az Attendlr &#8216;\u00fcgyf\u00e9l-lemorzsol\u00f3d\u00e1s&#8217; funkci\u00f3ja k\u00fcl\u00f6n\u00f6sen azokat az \u00fcgyfeleket list\u00e1zza ki, akik m\u00e1r t\u00f6bb mint h\u00e1rom hete, de m\u00e9g kevesebb mint 45 napja nem vettek r\u00e9szt esem\u00e9nyen. Ez a szigor\u00fa k\u00f6vet\u00e9s arra \u00e9p\u00fcl, hogy ez az id\u0151szak \u00e1ltal\u00e1ban azt a kritikus f\u00e1zist jel\u00f6li, amikor az \u00fcgyfelek a r\u00f6vid t\u00e1v\u00fa sz\u00fcnetb\u0151l a v\u00e9gleges lel\u00e9p\u00e9s fel\u00e9 haladnak. Ha ezt a f\u00e1zist nyomon k\u00f6veted, lehet\u0151s\u00e9ged van proakt\u00edvan megkeresni ezeket az \u00fcgyfeleket, meg\u00e9rteni a gondjaikat \u00e9s kih\u00edv\u00e1saikat, majd olyan megold\u00e1sokat k\u00edn\u00e1lni, amelyek seg\u00edthetnek \u0151ket visszahozni.  <\/p>\n\n\n\n<p>A funkci\u00f3 seg\u00edts\u00e9g\u00e9vel mint\u00e1zatokat \u00e9s trendeket is azonos\u00edthatsz a lemorzsol\u00f3d\u00f3 \u00fcgyfelek k\u00f6z\u00f6tt. L\u00e9teznek-e gyakori okok, ami\u00e9rt az \u00fcgyfelek abbahagyj\u00e1k a foglalkoz\u00e1sokat? Tal\u00e1lhat\u00f3-e olyan esem\u00e9ny vagy \u00f3ra, ahol magasabb a lemorzsol\u00f3d\u00e1s ar\u00e1nya? Ha meg\u00e9rted, mi\u00e9rt hagyj\u00e1k el az \u00fcgyfelek a szolg\u00e1ltat\u00e1saidat, \u00e9rt\u00e9kes inform\u00e1ci\u00f3hoz juthatsz, ami seg\u00edthet a fejleszt\u00e9si strat\u00e9gi\u00e1id form\u00e1l\u00e1s\u00e1ban. Lehet, hogy finom\u00edtanod kell a kommunik\u00e1ci\u00f3t, m\u00f3dos\u00edtanod kell az esem\u00e9nyek \u00fctemez\u00e9s\u00e9t, vagy ak\u00e1r fel\u00fclvizsg\u00e1lni a k\u00edn\u00e1latot. Az \u00fcgyfelek lemorzsol\u00f3d\u00e1s\u00e1nak proakt\u00edv kezel\u00e9se \u00e1ltal jav\u00edthatod az \u00fcgyf\u00e9l-el\u00e9gedetts\u00e9get, n\u00f6velheted a megtart\u00e1si ar\u00e1nyt, \u00e9s v\u00e9g\u00fcl hozz\u00e1j\u00e1rulhatsz a v\u00e1llalkoz\u00e1sod n\u00f6veked\u00e9s\u00e9hez.     <\/p>\n\n<\/div><\/div>\n\n<div class=\"gb-grid-column gb-grid-column-fdccb044\"><div class=\"gb-container gb-container-fdccb044\">\n<div class=\"wp-block-image\">\n<figure class=\"aligncenter size-large is-resized\"><img decoding=\"async\" src=\"https:\/\/attendlr.com\/wp-content\/uploads\/2023\/05\/iphone_on_screen_a_flat-style_graphic_of_a_person_walki_b8544a0c-e7a2-4ec6-b245-b5a1e65f1638-1-466x1024.jpg\" alt=\"Az &#xFC;gyf&#xE9;l kies&#xE9;s&#xE9;t szimboliz&#xE1;l&#xF3; grafikon\" class=\"wp-image-1624\" width=\"233\" height=\"512\" title=\"&#xDC;gyf&#xE9;l kies&#xE9;s illusztr&#xE1;ci&#xF3;\" srcset=\"https:\/\/attendlr.com\/wp-content\/uploads\/2023\/05\/iphone_on_screen_a_flat-style_graphic_of_a_person_walki_b8544a0c-e7a2-4ec6-b245-b5a1e65f1638-1-466x1024.jpg 466w, https:\/\/attendlr.com\/wp-content\/uploads\/2023\/05\/iphone_on_screen_a_flat-style_graphic_of_a_person_walki_b8544a0c-e7a2-4ec6-b245-b5a1e65f1638-1-137x300.jpg 137w, https:\/\/attendlr.com\/wp-content\/uploads\/2023\/05\/iphone_on_screen_a_flat-style_graphic_of_a_person_walki_b8544a0c-e7a2-4ec6-b245-b5a1e65f1638-1-700x1536.jpg 700w, https:\/\/attendlr.com\/wp-content\/uploads\/2023\/05\/iphone_on_screen_a_flat-style_graphic_of_a_person_walki_b8544a0c-e7a2-4ec6-b245-b5a1e65f1638-1.jpg 736w\" sizes=\"(max-width: 233px) 100vw, 233px\" \/><\/figure><\/div>\n<\/div><\/div>\n<\/div>\n<\/div><div class=\"gb-container gb-container-2f907fd7\">\n\n<h2 class=\"wp-block-heading has-text-align-right\" id=\"early-late-client-dropouts\">Korai \u00e9s k\u00e9s\u0151i \u00fcgyf\u00e9l-lemorzsol\u00f3d\u00e1s<\/h2>\n\n\n<div class=\"gb-grid-wrapper gb-grid-wrapper-9a83601e\">\n<div class=\"gb-grid-column gb-grid-column-ce4c4150\"><div class=\"gb-container gb-container-ce4c4150\">\n<div class=\"wp-block-image\">\n<figure class=\"aligncenter size-large is-resized\"><img decoding=\"async\" src=\"https:\/\/attendlr.com\/wp-content\/uploads\/2023\/05\/iphone_screen_A_flat-style_timeline_graphic_with_icons__c20b1b1e-9d2e-4eb3-8599-042b794df6b1-466x1024.jpg\" alt=\"Az &#xFC;gyf&#xE9;l korai &#xE9;s k&#xE9;s&#x151;i lemorzsol&#xF3;d&#xE1;s&#xE1;t jelz&#x151; grafikon az id&#x151;vonalon\" class=\"wp-image-1630\" width=\"233\" height=\"512\" title=\"Korai &#xE9;s k&#xE9;s&#x151;i lemorzsol&#xF3;d&#xE1;s vizualiz&#xE1;ci&#xF3;\" srcset=\"https:\/\/attendlr.com\/wp-content\/uploads\/2023\/05\/iphone_screen_A_flat-style_timeline_graphic_with_icons__c20b1b1e-9d2e-4eb3-8599-042b794df6b1-466x1024.jpg 466w, https:\/\/attendlr.com\/wp-content\/uploads\/2023\/05\/iphone_screen_A_flat-style_timeline_graphic_with_icons__c20b1b1e-9d2e-4eb3-8599-042b794df6b1-137x300.jpg 137w, https:\/\/attendlr.com\/wp-content\/uploads\/2023\/05\/iphone_screen_A_flat-style_timeline_graphic_with_icons__c20b1b1e-9d2e-4eb3-8599-042b794df6b1-700x1536.jpg 700w, https:\/\/attendlr.com\/wp-content\/uploads\/2023\/05\/iphone_screen_A_flat-style_timeline_graphic_with_icons__c20b1b1e-9d2e-4eb3-8599-042b794df6b1.jpg 736w\" sizes=\"(max-width: 233px) 100vw, 233px\" \/><\/figure><\/div>\n<\/div><\/div>\n\n<div class=\"gb-grid-column gb-grid-column-b72ddab5\"><div class=\"gb-container gb-container-b72ddab5\">\n\n<h4 class=\"wp-block-heading has-text-align-right\" style=\"font-size:12px;font-style:normal;font-weight:300;text-transform:uppercase\">Minim\u00e1lisan sz\u00fcks\u00e9ges csomag: Pro<\/h4>\n\n\n\n<p>A fitnesz\u00fczletben t\u00f6rt\u00e9n\u0151 \u00fcgyf\u00e9lkies\u00e9s mint\u00e1inak meg\u00e9rt\u00e9se kulcsfontoss\u00e1g\u00fa adatokkal szolg\u00e1l, melyek seg\u00edts\u00e9get ny\u00fajthatnak a strat\u00e9giai fejleszt\u00e9sekben. Az Attendlr \u00e1ltal kifejlesztett &#8216;Korai \u00e9s K\u00e9s\u0151i \u00dcgyf\u00e9l Lemorzsol\u00f3d\u00e1s&#8217; funkci\u00f3 ebben nagy seg\u00edts\u00e9g\u00fcnkre lehet, mivel az az \u00fcgyf\u00e9l utols\u00f3 l\u00e1togat\u00e1sa \u00f3ta eltelt id\u0151szakot veszi figyelembe, hogy azonos\u00edtsa a lemorzsol\u00f3d\u00e1s mint\u00e1it. <\/p>\n\n\n\n<p>Az Attendlr rendszerben a &#8216;korai lemorzsol\u00f3d\u00f3knak&#8217; azokat az \u00fcgyfeleket nevezz\u00fck, akik 7-21 napig nem vettek r\u00e9szt esem\u00e9nyeken. Ha sok \u00fcgyf\u00e9l esik ebbe a kateg\u00f3ri\u00e1ba, az arra utalhat, hogy valamilyen probl\u00e9ma ad\u00f3dik az \u00fcgyfelek korai bevon\u00e1s\u00e1val kapcsolatban. Olyan t\u00e9nyez\u0151k, mint a kezdeti esem\u00e9ny intenzit\u00e1sa, a kommunik\u00e1ci\u00f3 gyakoris\u00e1ga vagy a l\u00e1that\u00f3 fejl\u0151d\u00e9s hi\u00e1nya, mind befoly\u00e1solhatj\u00e1k az \u00fcgyfelek d\u00f6nt\u00e9s\u00e9t a r\u00e9szv\u00e9tel abbahagy\u00e1s\u00e1r\u00f3l. Ezen adatok seg\u00edts\u00e9g\u00e9vel r\u00e1vil\u00e1g\u00edthatunk a potenci\u00e1lis fejleszt\u00e9si ter\u00fcletekre a korai \u00e9rintkez\u00e9si pontokon, \u00edgy ism\u00e9t bevonhatjuk ezeket az \u00fcgyfeleket.   <\/p>\n\n\n\n<p>A &#8216;k\u00e9s\u0151i lemorzsol\u00f3d\u00f3k&#8217; m\u00e1sik oldalon azok az \u00fcgyfelek, akik hosszabb ideje, pontosabban 46-90 nappal az utols\u00f3 l\u00e1togat\u00e1suk ut\u00e1n is t\u00e1vol maradnak a programokt\u00f3l. A k\u00e9s\u0151i lemorzsol\u00f3d\u00e1s jelezheti, hogy az \u00fcgyfelek \u00e9rdekl\u0151d\u00e9s\u00e9t \u00e9s elk\u00f6telezetts\u00e9g\u00e9t id\u0151vel nehezebb fenntartani. Az \u00f3r\u00e1k v\u00e1ltozatoss\u00e1ga, az \u00f3rarenddel kapcsolatos probl\u00e9m\u00e1k, az \u00e1rstrukt\u00far\u00e1k vagy a k\u00f6z\u00f6ss\u00e9gi bevon\u00e1s hi\u00e1nya mind olyan t\u00e9nyez\u0151k, melyek ezt a hosszabb t\u00e1voll\u00e9tet okozhatj\u00e1k.  <\/p>\n\n\n\n<p>A korai \u00e9s k\u00e9s\u0151i lemorzsol\u00f3d\u00e1s megk\u00fcl\u00f6nb\u00f6ztet\u00e9se lehet\u0151v\u00e9 teszi, hogy strat\u00e9gi\u00e1dat a konkr\u00e9t probl\u00e9m\u00e1k kezel\u00e9s\u00e9re szabhassuk. A korai lemorzsol\u00f3d\u00e1st lek\u00fczdve p\u00e9ld\u00e1ul a kommunik\u00e1ci\u00f3s strat\u00e9gi\u00e1k jav\u00edt\u00e1s\u00e1ra vagy az esem\u00e9nyek intenzit\u00e1s\u00e1nak m\u00f3dos\u00edt\u00e1s\u00e1ra \u00f6sszpontos\u00edthatunk. A k\u00e9s\u0151i lemorzsol\u00f3d\u00e1sok eset\u00e9ben pedig a rendezv\u00e9nyk\u00edn\u00e1lat diverzifik\u00e1l\u00e1sa vagy a rugalmasabb \u00f3rarend bevezet\u00e9se lehet a megold\u00e1s. Ez a finom\u00edtott meg\u00e9rt\u00e9s seg\u00edt az \u00fcgyf\u00e9l megtart\u00e1sban \u00e9s az \u00fcgyf\u00e9l el\u00e9gedetts\u00e9g jav\u00edt\u00e1s\u00e1ban az \u00fcgyf\u00e9l\u00fat minden szakasz\u00e1ban.   <\/p>\n\n<\/div><\/div>\n<\/div>\n<\/div><div class=\"gb-container gb-container-7b2d59b6\">\n\n<h2 class=\"wp-block-heading has-text-align-left\" id=\"todays-birthdays\">Mai sz\u00fclet\u00e9snapok<\/h2>\n\n\n<div class=\"gb-grid-wrapper gb-grid-wrapper-5812830a\">\n<div class=\"gb-grid-column gb-grid-column-f04d8ef2\"><div class=\"gb-container gb-container-f04d8ef2\">\n\n<h4 class=\"wp-block-heading has-text-align-left\" style=\"font-size:12px;font-style:normal;font-weight:300;text-transform:uppercase\">Minim\u00e1lisan sz\u00fcks\u00e9ges csomag: Basic<\/h4>\n\n\n\n<p>Fontos a szem\u00e9lyes m\u00e9rf\u00f6ldk\u00f6vek elismer\u00e9se \u00e9s meg\u00fcnnepl\u00e9se az \u00fcgyfeleinkkel val\u00f3 kapcsolatok kialak\u00edt\u00e1s\u00e1ban \u00e9s fenntart\u00e1s\u00e1ban. K\u00fcl\u00f6n\u00f6sen a fitnesz \u00e9s wellness vil\u00e1g\u00e1ban ezek a szem\u00e9lyes pillanatok igaz\u00e1n megmutathatj\u00e1k, mennyire t\u00f6r\u0151d\u00fcnk az \u00fcgyfeleinkkel, \u00e9s nagyszer\u0171 m\u00f3dszerek a h\u0171s\u00e9g\u00fck n\u00f6vel\u00e9s\u00e9re. Az Attendlr &#8222;Mai sz\u00fclet\u00e9snapok&#8221; funkci\u00f3ja seg\u00edt mindebben.  <\/p>\n\n\n\n<p>Ez a funkci\u00f3 mindig t\u00e1j\u00e9koztat arr\u00f3l, hogy \u00fcgyfeleid k\u00f6z\u00fcl ki \u00fcnnepli ma sz\u00fclet\u00e9snapj\u00e1t. Ez nagyszer\u0171 lehet\u0151s\u00e9g arra, hogy id\u0151ben eljuttassuk nekik a szem\u00e9lyre szabott sz\u00fclet\u00e9snapi j\u00f3k\u00edv\u00e1ns\u00e1gainkat, amivel \u0151k \u00fagy \u00e9rezhetik, hogy \u00e9rt\u00e9kelj\u00fck \u00e9s tisztelj\u00fck \u0151ket. De ez a funkci\u00f3 t\u00f6bbet ny\u00fajt egy egyszer\u0171 sz\u00fclet\u00e9snapi \u00fczenetn\u00e9l.  <\/p>\n\n\n\n<p>Ezt a szolg\u00e1ltat\u00e1st kihaszn\u00e1lhatod p\u00e9ld\u00e1ul olyan egyedi sz\u00fclet\u00e9snapi aj\u00e1nlatok \u00e9s \u00f6szt\u00f6nz\u0151k ny\u00fajt\u00e1s\u00e1ra, mint egy ingyenes \u00f3ra, kedvezm\u00e9nyes tags\u00e1gi meg\u00faj\u00edt\u00e1s vagy egy speci\u00e1lis wellness-csomag. Ez nemcsak meger\u0151s\u00edti az \u00fcgyf\u00e9llel val\u00f3 kapcsolatot, hanem \u00f6szt\u00f6nzi is az elk\u00f6telez\u0151d\u00e9s\u00fcket a szolg\u00e1ltat\u00e1saink ir\u00e1nt. <\/p>\n\n\n\n<p>R\u00e1ad\u00e1sul a sz\u00fclet\u00e9snapok elismer\u00e9se n\u00f6velheti a k\u00f6z\u00f6ss\u00e9gi m\u00e9dia jelenl\u00e9t\u00fcnket, hiszen az \u00fcgyfelek gyakran megosztj\u00e1k az ilyen j\u00f3k\u00edv\u00e1ns\u00e1gokat \u00e9s aj\u00e1nlatokat a saj\u00e1t k\u00f6z\u00f6ss\u00e9gi platformjaikon. Ez pedig pozit\u00edvan hathat az \u00fczleti h\u00edrnev\u00fcnkre, mert bemutatja a v\u00e1llalkoz\u00e1s szem\u00e9lyes jelleg\u00e9t \u00e9s \u00fcgyf\u00e9lk\u00f6zpont\u00fa megk\u00f6zel\u00edt\u00e9s\u00e9t. <\/p>\n\n\n\n<p>Sz\u00f3val, az Attendlr &#8222;Mai sz\u00fclet\u00e9snapok&#8221; funkci\u00f3j\u00e1val egy egyszer\u0171 inform\u00e1ci\u00f3b\u00f3l olyan lehet\u0151s\u00e9get csin\u00e1lhatunk, ami seg\u00edt bens\u0151s\u00e9gesebb kapcsolatot kialak\u00edtani az \u00fcgyfeleinkkel, ami hossz\u00fa t\u00e1von el\u0151seg\u00edti a nagyobb \u00fcgyf\u00e9lh\u0171s\u00e9get \u00e9s el\u00e9gedetts\u00e9get.<\/p>\n\n<\/div><\/div>\n\n<div class=\"gb-grid-column gb-grid-column-1f5e99ad\"><div class=\"gb-container gb-container-1f5e99ad\">\n<div class=\"wp-block-image\">\n<figure class=\"aligncenter size-large is-resized\"><img decoding=\"async\" src=\"http:\/\/attendlr.com\/wp-content\/uploads\/2023\/05\/illustrated_flat-style_iphone_app_on_screen_calendar_gr_69f24a03-cbd5-455e-b8fb-24b514b7f3c5-466x1024.jpg\" alt=\"Napt&#xE1;r grafika, amely a Mai sz&#xFC;let&#xE9;snapok funkci&#xF3;t jelzi\" class=\"wp-image-1640\" width=\"233\" height=\"512\" title=\"A mai sz&#xFC;let&#xE9;snapi funkci&#xF3; illusztr&#xE1;ci&#xF3;\" srcset=\"https:\/\/attendlr.com\/wp-content\/uploads\/2023\/05\/illustrated_flat-style_iphone_app_on_screen_calendar_gr_69f24a03-cbd5-455e-b8fb-24b514b7f3c5-466x1024.jpg 466w, https:\/\/attendlr.com\/wp-content\/uploads\/2023\/05\/illustrated_flat-style_iphone_app_on_screen_calendar_gr_69f24a03-cbd5-455e-b8fb-24b514b7f3c5-137x300.jpg 137w, https:\/\/attendlr.com\/wp-content\/uploads\/2023\/05\/illustrated_flat-style_iphone_app_on_screen_calendar_gr_69f24a03-cbd5-455e-b8fb-24b514b7f3c5-700x1536.jpg 700w, https:\/\/attendlr.com\/wp-content\/uploads\/2023\/05\/illustrated_flat-style_iphone_app_on_screen_calendar_gr_69f24a03-cbd5-455e-b8fb-24b514b7f3c5.jpg 736w\" sizes=\"(max-width: 233px) 100vw, 233px\" \/><\/figure><\/div>\n<\/div><\/div>\n<\/div>\n<\/div><div class=\"gb-container gb-container-827be666\">\n\n<h2 class=\"wp-block-heading has-text-align-right\" id=\"birthdays-of-the-month\">A h\u00f3nap sz\u00fclet\u00e9snapjai<\/h2>\n\n\n<div class=\"gb-grid-wrapper gb-grid-wrapper-f6e06115\">\n<div class=\"gb-grid-column gb-grid-column-bcd71ddd\"><div class=\"gb-container gb-container-bcd71ddd\">\n<div class=\"wp-block-image\">\n<figure class=\"aligncenter size-large is-resized\"><img decoding=\"async\" src=\"https:\/\/attendlr.com\/wp-content\/uploads\/2023\/05\/iphone_crm_client_list_profile_images_no_text_white_bac_3e28f591-0bed-41dd-98e6-4edd3b963215-466x1024.jpg\" alt=\"H&#xF3;nap-n&#xE9;zet&#x171; napt&#xE1;r, amely a h&#xF3;nap sz&#xFC;let&#xE9;snapjai funkci&#xF3;t jelzi\" class=\"wp-image-1645\" width=\"233\" height=\"512\" title=\"A h&#xF3;nap sz&#xFC;let&#xE9;snapjai funkci&#xF3; illusztr&#xE1;ci&#xF3;\" srcset=\"https:\/\/attendlr.com\/wp-content\/uploads\/2023\/05\/iphone_crm_client_list_profile_images_no_text_white_bac_3e28f591-0bed-41dd-98e6-4edd3b963215-466x1024.jpg 466w, https:\/\/attendlr.com\/wp-content\/uploads\/2023\/05\/iphone_crm_client_list_profile_images_no_text_white_bac_3e28f591-0bed-41dd-98e6-4edd3b963215-137x300.jpg 137w, https:\/\/attendlr.com\/wp-content\/uploads\/2023\/05\/iphone_crm_client_list_profile_images_no_text_white_bac_3e28f591-0bed-41dd-98e6-4edd3b963215-700x1536.jpg 700w, https:\/\/attendlr.com\/wp-content\/uploads\/2023\/05\/iphone_crm_client_list_profile_images_no_text_white_bac_3e28f591-0bed-41dd-98e6-4edd3b963215.jpg 736w\" sizes=\"(max-width: 233px) 100vw, 233px\" \/><\/figure><\/div>\n<\/div><\/div>\n\n<div class=\"gb-grid-column gb-grid-column-72a92c04\"><div class=\"gb-container gb-container-72a92c04\">\n\n<h4 class=\"wp-block-heading has-text-align-right\" style=\"font-size:12px;font-style:normal;font-weight:300;text-transform:uppercase\">Minim\u00e1lisan sz\u00fcks\u00e9ges csomag: Pro<\/h4>\n\n\n\n<p>A fitneszv\u00e1llalkoz\u00e1s sikere gyakran azon m\u00falik, milyen \u00fcgyesek vagyunk a \u00fcgyf\u00e9lkapcsolatok \u00e1pol\u00e1s\u00e1ban. Tudod, mennyire j\u00f3 \u00e9rz\u00e9s, ha valaki odafigyel a k\u00fcl\u00f6nleges napjaidra, mint p\u00e9ld\u00e1ul a sz\u00fclet\u00e9snapodra. \u00c9ppen ez\u00e9rt az Attendlr l\u00e9trehozta az &#8222;A h\u00f3nap sz\u00fclet\u00e9snapjai&#8221; funkci\u00f3t, hogy seg\u00edtsen abban, hogy m\u00e9g szem\u00e9lyesebb kapcsolatokat \u00e9p\u00edthess\u00fcnk \u00fcgyfeleinkkel. <\/p>\n\n\n\n<p>Ez a funkci\u00f3 egy list\u00e1t ad arr\u00f3l, hogy az aktu\u00e1lis h\u00f3napban ki \u00fcnnepli a sz\u00fclet\u00e9snapj\u00e1t az \u00fcgyfeleid k\u00f6z\u00fcl. Ez nagyon hasznos, mert ha m\u00e1r a h\u00f3nap elej\u00e9n megvan ez az inform\u00e1ci\u00f3, akkor k\u00f6nnyed\u00e9n tudsz tervezni. El\u0151re ki tudod dolgozni az \u00fczeneteket, amiket k\u00fcldesz nekik, \u00e9s el\u0151re \u00f6ssze tudod \u00e1ll\u00edtani a k\u00fcl\u00f6nleges sz\u00fclet\u00e9snapi aj\u00e1nlatokat. \u00cdgy minden \u00fcgyf\u00e9l id\u0151ben megkapja a j\u00f3k\u00edv\u00e1ns\u00e1gokat \u00e9s aj\u00e1nlatokat, ami m\u00e9g boldogabb\u00e1 teheti ezt a k\u00fcl\u00f6nleges napot sz\u00e1mukra.  <\/p>\n\n\n\n<p>A lehet\u0151s\u00e9gek sz\u00e1mtalanok ezzel a funkci\u00f3val. Egyr\u00e9szt, k\u00f6nnyebb\u00e9 teszi a szem\u00e9lyes kommunik\u00e1ci\u00f3t, \u00edgy az \u00fcgyfelek k\u00fcl\u00f6nlegesnek \u00e9s fontosnak \u00e9rezhetik magukat. M\u00e1sr\u00e9szt, ha k\u00fcl\u00f6nleges sz\u00fclet\u00e9snapi aj\u00e1nlatokat adunk nekik, az \u00f6szt\u00f6n\u00f6zheti \u0151ket, hogy m\u00e9g elk\u00f6telezettebbek legyenek a szolg\u00e1ltat\u00e1saink ir\u00e1nt. P\u00e9ld\u00e1ul egy ingyenes \u00f3ra vagy kedvezm\u00e9ny arra \u00f6szt\u00f6n\u00f6zheti \u0151ket, hogy kipr\u00f3b\u00e1ljanak egy \u00faj \u00f3r\u00e1t vagy meghosszabb\u00edts\u00e1k a tags\u00e1gukat.   <\/p>\n\n\n\n<p>R\u00e1ad\u00e1sul, ha havonta \u00f6sszegezz\u00fck az \u00fcgyfelek sz\u00fclet\u00e9snapjait, az inform\u00e1ci\u00f3t szerezhet\u00fcnk az \u00fcgyfelekkel val\u00f3 kapcsolattart\u00e1si strat\u00e9gi\u00e1nkr\u00f3l. Tal\u00e1n \u00e9szreveszel szezon\u00e1lis trendeket az \u00fcgyf\u00e9lk\u00f6r\u00f6dben, vagy lehet\u0151s\u00e9ged ad\u00f3dik arra, hogy tematikus sz\u00fclet\u00e9snapi \u00f3r\u00e1kat vagy esem\u00e9nyeket szervezz. <\/p>\n\n\n\n<p>Az &#8222;A h\u00f3nap sz\u00fclet\u00e9snapjai&#8221; funkci\u00f3val az Attendlr olyan eszk\u00f6zt ad a kezedbe, amivel n\u00f6velheted az \u00fcgyfelek elk\u00f6telezetts\u00e9g\u00e9t, h\u0171s\u00e9g\u00e9t \u00e9s megtart\u00e1s\u00e1t. A sz\u00fclet\u00e9snapokra val\u00f3 odafigyel\u00e9s \u00e9s a r\u00e9szletekkel val\u00f3 foglalkoz\u00e1s jelent\u0151sen n\u00f6velheti az \u00fcgyfelek \u00e1ltal\u00e1nos \u00e9lm\u00e9ny\u00e9t \u00e9s el\u00e9gedetts\u00e9g\u00e9t. Ez egy \u00fajabb m\u00f3dja annak, hogy az Attendlr seg\u00edtsen neked abban, hogy er\u0151s, hossz\u00fa t\u00e1v\u00fa kapcsolatokat \u00e9p\u00edts ki az \u00fcgyfeleiddel.  <\/p>\n\n<\/div><\/div>\n<\/div>\n<\/div>","protected":false},"excerpt":{"rendered":"<p>\u00dcgyf\u00e9lmegtart\u00e1s az Attendlrrel Minden fitneszv\u00e1llalkoz\u00e1s sz\u00e1m\u00e1ra kardin\u00e1lis k\u00e9rd\u00e9s az \u00fcgyfelek megtart\u00e1sa. Hiszen tudjuk, milyen verseng\u0151 ipar\u00e1gban dolgozunk, ahol az \u00faj \u00fcgyfelek becs\u00e1b\u00edt\u00e1sa t\u00f6bbe ker\u00fcl, mint a megl\u00e9v\u0151k h\u0171s\u00e9g\u00e9nek meg\u0151rz\u00e9se. Ez\u00e9rt fontos, hogy az \u00fcgyfeleinket ne csak meg\u0151rizz\u00fck, de akt\u00edvan elk\u00f6telezz\u00fck \u00e9s el\u00e9gedett\u00e9 tegy\u00fck \u0151ket. Az Attendlr eszk\u00f6zzel k\u00f6nnyen \u00e9s \u00e1tl\u00e1that\u00f3an meg\u00e9rtheted az \u00fcgyf\u00e9lmegtart\u00e1si r\u00e1t\u00e1d. Ez &#8230; <a title=\"\u00dcgyf\u00e9lmegtart\u00e1s az Attendlrrel\" class=\"read-more\" href=\"https:\/\/attendlr.com\/hu\/ugyfelmegtartas-menedzsment-az-attendlrrel\/\" aria-label=\"More on \u00dcgyf\u00e9lmegtart\u00e1s az Attendlrrel\">B\u0151vebben<\/a><\/p>\n","protected":false},"author":1,"featured_media":0,"parent":0,"menu_order":0,"comment_status":"closed","ping_status":"closed","template":"","meta":{"qubely_global_settings":"","qubely_interactions":"","_uag_custom_page_level_css":""},"aioseo_notices":[],"uagb_featured_image_src":{"full":false,"thumbnail":false,"medium":false,"medium_large":false,"large":false,"1536x1536":false,"2048x2048":false,"qubely_landscape":false,"qubely_portrait":false,"qubely_thumbnail":false},"uagb_author_info":{"display_name":"attadmin","author_link":"https:\/\/attendlr.com\/hu\/author\/attadmin\/"},"uagb_comment_info":0,"uagb_excerpt":"\u00dcgyf\u00e9lmegtart\u00e1s az Attendlrrel Minden fitneszv\u00e1llalkoz\u00e1s sz\u00e1m\u00e1ra kardin\u00e1lis k\u00e9rd\u00e9s az \u00fcgyfelek megtart\u00e1sa. Hiszen tudjuk, milyen verseng\u0151 ipar\u00e1gban dolgozunk, ahol az \u00faj \u00fcgyfelek becs\u00e1b\u00edt\u00e1sa t\u00f6bbe ker\u00fcl, mint a megl\u00e9v\u0151k h\u0171s\u00e9g\u00e9nek meg\u0151rz\u00e9se. Ez\u00e9rt fontos, hogy az \u00fcgyfeleinket ne csak meg\u0151rizz\u00fck, de akt\u00edvan elk\u00f6telezz\u00fck \u00e9s el\u00e9gedett\u00e9 tegy\u00fck \u0151ket. Az Attendlr eszk\u00f6zzel k\u00f6nnyen \u00e9s \u00e1tl\u00e1that\u00f3an meg\u00e9rtheted az \u00fcgyf\u00e9lmegtart\u00e1si r\u00e1t\u00e1d. Ez&hellip;","_links":{"self":[{"href":"https:\/\/attendlr.com\/hu\/wp-json\/wp\/v2\/pages\/1976"}],"collection":[{"href":"https:\/\/attendlr.com\/hu\/wp-json\/wp\/v2\/pages"}],"about":[{"href":"https:\/\/attendlr.com\/hu\/wp-json\/wp\/v2\/types\/page"}],"author":[{"embeddable":true,"href":"https:\/\/attendlr.com\/hu\/wp-json\/wp\/v2\/users\/1"}],"replies":[{"embeddable":true,"href":"https:\/\/attendlr.com\/hu\/wp-json\/wp\/v2\/comments?post=1976"}],"version-history":[{"count":4,"href":"https:\/\/attendlr.com\/hu\/wp-json\/wp\/v2\/pages\/1976\/revisions"}],"predecessor-version":[{"id":2144,"href":"https:\/\/attendlr.com\/hu\/wp-json\/wp\/v2\/pages\/1976\/revisions\/2144"}],"wp:attachment":[{"href":"https:\/\/attendlr.com\/hu\/wp-json\/wp\/v2\/media?parent=1976"}],"curies":[{"name":"wp","href":"https:\/\/api.w.org\/{rel}","templated":true}]}}