{"id":1970,"date":"2023-05-27T16:23:16","date_gmt":"2023-05-27T16:23:16","guid":{"rendered":"https:\/\/attendlr.com\/aramvonalas-fizetesi-menedzsment-a-fitnesz-uzletag-szamara\/"},"modified":"2023-05-28T16:15:50","modified_gmt":"2023-05-28T16:15:50","slug":"fizetesi-menedzsment-a-fitnesz-uzletag-szamara","status":"publish","type":"page","link":"https:\/\/attendlr.com\/hu\/fizetesi-menedzsment-a-fitnesz-uzletag-szamara\/","title":{"rendered":"Hat\u00e9kony fizet\u00e9si menedzsment a fitnesz \u00fczlet\u00e1gban"},"content":{"rendered":"\n<h1 class=\"wp-block-heading has-text-align-center\">Hat\u00e9kony fizet\u00e9si menedzsment a fitnesz \u00fczlet\u00e1gban<\/h1>\n\n<p class=\"has-text-align-center\">A fitneszv\u00e1llalkoz\u00e1s p\u00e9nz\u00fcgyi oldal\u00e1nak kezel\u00e9se prec\u00edz odafigyel\u00e9st, szil\u00e1rd szervez\u00e9st \u00e9s rugalmass\u00e1got ig\u00e9nyel az \u00fcgyfelek v\u00e1ltoz\u00f3 ig\u00e9nyeihez val\u00f3 alkalmazkod\u00e1shoz. Az Attendlr \u00e1tfog\u00f3 Fizet\u00e9skezel\u0151 modulj\u00e1t \u00fagy hoztuk l\u00e9tre, hogy ezeket a kih\u00edv\u00e1sokat megoldja, \u00e9s egy \u00e1ttekinthet\u0151, hat\u00e9kony seg\u00edts\u00e9get ny\u00fajtson, amely figyelembe veszi a v\u00e1llalkoz\u00e1s p\u00e9nz\u00fcgyi oldal\u00e1nak minden szegmens\u00e9t. <\/p>\n\n<p class=\"has-text-align-center\">Ahogy egy vend\u00e9g fizet egy esem\u00e9ny\u00e9rt vagy egy tags\u00e1g\u00e9rt, az Attendlr leegyszer\u0171s\u00edti a tranzakci\u00f3k r\u00f6gz\u00edt\u00e9s\u00e9nek \u00e9s kezel\u00e9s\u00e9nek folyamat\u00e1t. Felhaszn\u00e1l\u00f3bar\u00e1t fel\u00fclete seg\u00edti a p\u00e9nz\u00fcgyi m\u0171veletek \u00e1tl\u00e1that\u00f3s\u00e1g\u00e1t, val\u00f3s idej\u0171 k\u00e9pet ny\u00fajtva a bev\u00e9teli forr\u00e1sokr\u00f3l. Ez a funkci\u00f3 nem csak r\u00e9szletes nyilv\u00e1ntart\u00e1st biztos\u00edt, hanem lehet\u0151s\u00e9get k\u00edn\u00e1l a bev\u00e9teli trendek elemz\u00e9s\u00e9re \u00e9s meg\u00e9rt\u00e9s\u00e9re is.  <\/p>\n\n<p class=\"has-text-align-center\">Az Attendlr az \u00fcgyf\u00e9lfizet\u00e9sek r\u00f6gz\u00edt\u00e9s\u00e9n t\u00falmen\u0151en a k\u00fcl\u00f6nb\u00f6z\u0151 jegyt\u00edpusok kezel\u00e9s\u00e9nek megk\u00f6nny\u00edt\u00e9s\u00e9vel fokozza \u00fcgyf\u00e9lszolg\u00e1lati k\u00edn\u00e1lat\u00e1t. Az Attendlr nem csup\u00e1n az \u00fcgyf\u00e9l fizet\u00e9sek r\u00f6gz\u00edt\u00e9s\u00e9ben seg\u00edt, hanem abban is, hogy megk\u00f6nny\u00edti a k\u00fcl\u00f6nb\u00f6z\u0151 jegyt\u00edpusok kezel\u00e9s\u00e9t, \u00edgy n\u00f6velve a szolg\u00e1ltat\u00e1said \u00e9rt\u00e9k\u00e9t. Ez a rugalmass\u00e1g azt jelenti, hogy k\u00fcl\u00f6nb\u00f6z\u0151 \u00e1raz\u00e1si lehet\u0151s\u00e9geket k\u00edn\u00e1lhatsz, mint p\u00e9ld\u00e1ul egyszeri jegyek, csomagok t\u00f6bb bel\u00e9p\u0151vel vagy havi tags\u00e1gok, hogy jobban kiel\u00e9g\u00edtsd \u00fcgyfeleid k\u00fcl\u00f6nb\u00f6z\u0151 ig\u00e9nyeit \u00e9s preferenci\u00e1it. A jegy\u00e9rt\u00e9kes\u00edt\u00e9si \u00e9s fizet\u00e9si folyamat egyszer\u0171s\u00edt\u00e9s\u00e9vel jav\u00edthatod az \u00fcgyf\u00e9l\u00e9lm\u00e9nyt \u00e9s cs\u00f6kkentheted a saj\u00e1t adminisztrat\u00edv terheidet. <\/p>\n\n<p class=\"has-text-align-center\">Az Attendlr Fizet\u00e9skezel\u0151 modulja tov\u00e1bb m\u00e9ly\u00edti a szolg\u00e1ltat\u00e1si k\u00edn\u00e1lat\u00e1t a Kedvezm\u00e9nyek funkci\u00f3 be\u00e9p\u00edt\u00e9s\u00e9vel. Ez az er\u0151teljes eszk\u00f6z lehet\u0151v\u00e9 teszi, hogy n\u00f6veld az elad\u00e1sokat, jutalmazd a h\u0171s\u00e9ges \u00fcgyfeleket, \u00e9s vonzz \u00faj \u00fcgyfeleket kedvezm\u00e9nyek l\u00e9trehoz\u00e1s\u00e1val. A sz\u00e1zal\u00e9kos vagy fix \u00e9rt\u00e9k\u0171 kedvezm\u00e9nyek be\u00e1ll\u00edt\u00e1s\u00e1nak k\u00e9pess\u00e9ge biztos\u00edtja a rugalmass\u00e1got, amire sz\u00fcks\u00e9ged lehet a hat\u00e9kony \u00e1rk\u00e9pz\u00e9si strat\u00e9gia kialak\u00edt\u00e1s\u00e1hoz.  <\/p>\n\n<p class=\"has-text-align-center\">Az \u00e9rv\u00e9nyess\u00e9g \u00e9s lej\u00e1rat funkci\u00f3 kulcsfontoss\u00e1g\u00fa szerepet j\u00e1tszik a szervezett \u00e9s tisztess\u00e9ges rendszer fenntart\u00e1s\u00e1ban. Ez lehet\u0151v\u00e9 teszi, hogy megadott \u00e9rv\u00e9nyess\u00e9gi id\u0151szakokat \u00e1ll\u00edts\u00f3 be a jegycsomagokhoz, \u00edgy biztos\u00edtva, hogy az \u00fcgyfelek a jegyeiket a meghat\u00e1rozott id\u0151n bel\u00fcl haszn\u00e1lj\u00e1k fel. Ez t\u00f6bb mint csak egy szervez\u00e9si int\u00e9zked\u00e9s; a lej\u00e1rati id\u0151pontok be\u00e1ll\u00edt\u00e1s\u00e1nak k\u00e9pess\u00e9ge arra \u00f6szt\u00f6nzi az \u00fcgyfeleket, hogy rendszeresen vegyenek r\u00e9szt a rendezv\u00e9nyeken, ez\u00e1ltal tov\u00e1bb er\u0151s\u00edtve az \u00fcgyf\u00e9lmegtart\u00e1st.  <\/p>\n\n<p class=\"has-text-align-center\">\u00d6sszefoglalva, az Attendlr Fizet\u00e9skezel\u0151 modulja \u00e1tfog\u00f3 p\u00e9nz\u00fcgyi kezel\u0151 eszk\u00f6zk\u00e9nt szolg\u00e1l a fitneszv\u00e1llalkoz\u00e1s sz\u00e1m\u00e1ra. Ez nem csak a tranzakci\u00f3k kezel\u00e9s\u00e9r\u0151l sz\u00f3l, hanem az p\u00e9nz\u00fcgyi m\u0171veletek optimaliz\u00e1l\u00e1s\u00e1r\u00f3l is, amely k\u00f6zvetve jav\u00edtja az \u00fcgyf\u00e9l\u00e9lm\u00e9nyt, er\u0151s\u00edti a lojalit\u00e1st, n\u00f6veli az \u00fcgyf\u00e9lmegtart\u00e1st, \u00e9s fenntarthat\u00f3 bev\u00e9teln\u00f6veked\u00e9st gener\u00e1l. Ahogy r\u00e9szletesebben megismered a funkci\u00f3kat, r\u00e1j\u00f6sz majd, hogy az Attendlr hogyan forradalmas\u00edthatja a p\u00e9nz\u00fcgyekkel kapcsolatos teend\u0151ided, \u00e9s el\u0151seg\u00edti a fitneszv\u00e1llalkoz\u00e1sod siker\u00e9t.  <\/p>\n<div class=\"gb-container gb-container-1133cd33\">\n\n<h2 class=\"wp-block-heading\" id=\"simple-payment-recording\">Befizet\u00e9sek egyszer\u0171 r\u00f6gz\u00edt\u00e9se<\/h2>\n\n\n<div class=\"gb-grid-wrapper gb-grid-wrapper-667405cf\">\n<div class=\"gb-grid-column gb-grid-column-f796d743\"><div class=\"gb-container gb-container-f796d743\">\n\n<h4 class=\"wp-block-heading\" style=\"font-size:12px;text-transform:uppercase\">Minden csomagban el\u00e9rhet\u0151<\/h4>\n\n\n\n<p>Az Attendlr platform intuit\u00edv fel\u00fclete egyszer\u0171s\u00edti a p\u00e9nz\u00fcgyi menedzsment folyamat\u00e1t, \u00e9s probl\u00e9mamentes megold\u00e1st ny\u00fajt az \u00fcgyf\u00e9lfizet\u00e9sek r\u00f6gz\u00edt\u00e9s\u00e9re. Az \u00fcgyfelek tranzakci\u00f3inak id\u0151szer\u0171 \u00e9s pontos nyilv\u00e1ntart\u00e1sa \u00e9rdek\u00e9ben gondosan tervezt\u00fck ezt a funkci\u00f3t, amely k\u00f6nny\u0171 haszn\u00e1latot \u00e9s megb\u00edzhat\u00f3s\u00e1got biztos\u00edt. Az Attendlr seg\u00edts\u00e9g\u00e9vel k\u00f6nnyed\u00e9n nyomon k\u00f6vethet\u0151k \u00e9s pontosan dokument\u00e1lhat\u00f3k az \u00fcgyfelek k\u00fcl\u00f6nb\u00f6z\u0151 bev\u00e9teli forr\u00e1sokb\u00f3l sz\u00e1rmaz\u00f3 tranzakci\u00f3i, legyen sz\u00f3 tagd\u00edjakr\u00f3l vagy rendezv\u00e9nyd\u00edjakr\u00f3l. \u00cdgy biztos\u00edtjuk, hogy minden bev\u00e9teli forr\u00e1sr\u00f3l r\u00e9szletes \u00e9s prec\u00edz elsz\u00e1mol\u00e1s k\u00e9sz\u00fclj\u00f6n.  <\/p>\n\n\n\n<p>Ezen funkci\u00f3 nem csak a fizet\u00e9sek r\u00f6gz\u00edt\u00e9s\u00e9t teszi lehet\u0151v\u00e9, hanem egy magas szint\u0171 testreszabhat\u00f3s\u00e1got is k\u00edn\u00e1l, amely lehet\u0151v\u00e9 teszi az egyedi r\u00e9szletek meghat\u00e1roz\u00e1s\u00e1t minden tranzakci\u00f3 eset\u00e9n. P\u00e9ld\u00e1ul be\u00e1ll\u00edthatod a fizet\u00e9si d\u00e1tumot, ami lehet\u0151v\u00e9 teszi az id\u0151rendi bev\u00e9telek nyomon k\u00f6vet\u00e9s\u00e9t, ami rendk\u00edv\u00fcl fontos a p\u00e9nz\u00fcgyi ellen\u0151rz\u00e9s szempontj\u00e1b\u00f3l. Ugyancsak lehets\u00e9ges a megfelel\u0151 esem\u00e9nyt\u00edpus hozz\u00e1rendel\u00e9se, ami seg\u00edt a k\u00fcl\u00f6nb\u00f6z\u0151 bev\u00e9teli forr\u00e1sok nyomon k\u00f6vet\u00e9s\u00e9ben. Mindegyik tranzakci\u00f3hoz megadhatod a teljes bev\u00e9telt, ami biztos\u00edtja a pontos p\u00e9nz\u00fcgyi nyilv\u00e1ntart\u00e1st, valamint hozz\u00e1adhatsz fizet\u00e9si megjegyz\u00e9seket a fontos r\u00e9szletekhez vagy eml\u00e9keztet\u0151kh\u00f6z. Ez a r\u00e9szletes nyilv\u00e1ntart\u00e1s nem csak egyszer\u0171s\u00edti a p\u00e9nz\u00fcgyi m\u0171veleteket, hanem egy teljesk\u00f6r\u0171 k\u00e9pet ny\u00fajt a bev\u00e9teli forr\u00e1sokr\u00f3l is, \u00e9s n\u00e9lk\u00fcl\u00f6zhetetlen eszk\u00f6z a p\u00e9nz\u00fcgyi tervez\u00e9shez \u00e9s az \u00fczleti strat\u00e9gia kidolgoz\u00e1s\u00e1hoz.    <\/p>\n\n<\/div><\/div>\n\n<div class=\"gb-grid-column gb-grid-column-5ad72002\"><div class=\"gb-container gb-container-5ad72002\">\n\n<figure class=\"wp-block-image size-full\" id=\"Attendlr-Payment-Recording---Simplified-Financial-Management-for-Fitness-Businesses\"><img decoding=\"async\" width=\"1024\" height=\"1024\" src=\"https:\/\/attendlr.com\/wp-content\/uploads\/2023\/05\/a_flat_style_image_featuring_a_fitness_instructor_sitti_56f146eb-30d1-4b13-8034-39eb23af4af1.jpg\" alt=\"\" class=\"wp-image-1661\" title=\"Fitness oktat&#xF3; az Attendlr fel&#xFC;let&#xE9;t haszn&#xE1;lja az &#xFC;gyf&#xE9;lfizet&#xE9;sek r&#xF6;gz&#xED;t&#xE9;s&#xE9;re\" srcset=\"https:\/\/attendlr.com\/wp-content\/uploads\/2023\/05\/a_flat_style_image_featuring_a_fitness_instructor_sitti_56f146eb-30d1-4b13-8034-39eb23af4af1.jpg 1024w, https:\/\/attendlr.com\/wp-content\/uploads\/2023\/05\/a_flat_style_image_featuring_a_fitness_instructor_sitti_56f146eb-30d1-4b13-8034-39eb23af4af1-300x300.jpg 300w, https:\/\/attendlr.com\/wp-content\/uploads\/2023\/05\/a_flat_style_image_featuring_a_fitness_instructor_sitti_56f146eb-30d1-4b13-8034-39eb23af4af1-150x150.jpg 150w, https:\/\/attendlr.com\/wp-content\/uploads\/2023\/05\/a_flat_style_image_featuring_a_fitness_instructor_sitti_56f146eb-30d1-4b13-8034-39eb23af4af1-768x768.jpg 768w\" sizes=\"(max-width: 1024px) 100vw, 1024px\" \/><\/figure>\n\n<\/div><\/div>\n<\/div>\n<\/div><div class=\"gb-container gb-container-68f5f0ba\">\n\n<h2 class=\"wp-block-heading has-text-align-right\" id=\"tickets\">Jegyek<\/h2>\n\n\n<div class=\"gb-grid-wrapper gb-grid-wrapper-3e2253ac\">\n<div class=\"gb-grid-column gb-grid-column-210130f1\"><div class=\"gb-container gb-container-210130f1\">\n\n<figure class=\"wp-block-image size-full\"><img decoding=\"async\" width=\"1024\" height=\"1024\" src=\"https:\/\/attendlr.com\/wp-content\/uploads\/2023\/05\/flat_material_style_depicting_a_variety_of_tickets._whi_c6cc8c5c-a538-4dc3-a10f-d0ea5f5d1975.jpg\" alt=\"Az Attendlr platformon kezelt k&#xFC;l&#xF6;nf&#xE9;le fitneszesem&#xE9;nyek jegyei.\" class=\"wp-image-1666\" title=\"Optimaliz&#xE1;lja a fitnesz esem&#xE9;ny jegykezel&#xE9;s&#xE9;t az Attendlr seg&#xED;ts&#xE9;g&#xE9;vel.\" srcset=\"https:\/\/attendlr.com\/wp-content\/uploads\/2023\/05\/flat_material_style_depicting_a_variety_of_tickets._whi_c6cc8c5c-a538-4dc3-a10f-d0ea5f5d1975.jpg 1024w, https:\/\/attendlr.com\/wp-content\/uploads\/2023\/05\/flat_material_style_depicting_a_variety_of_tickets._whi_c6cc8c5c-a538-4dc3-a10f-d0ea5f5d1975-300x300.jpg 300w, https:\/\/attendlr.com\/wp-content\/uploads\/2023\/05\/flat_material_style_depicting_a_variety_of_tickets._whi_c6cc8c5c-a538-4dc3-a10f-d0ea5f5d1975-150x150.jpg 150w, https:\/\/attendlr.com\/wp-content\/uploads\/2023\/05\/flat_material_style_depicting_a_variety_of_tickets._whi_c6cc8c5c-a538-4dc3-a10f-d0ea5f5d1975-768x768.jpg 768w\" sizes=\"(max-width: 1024px) 100vw, 1024px\" \/><\/figure>\n\n<\/div><\/div>\n\n<div class=\"gb-grid-column gb-grid-column-d942b387\"><div class=\"gb-container gb-container-d942b387\">\n\n<h4 class=\"wp-block-heading has-text-align-right\" style=\"font-size:12px;text-transform:uppercase\">Minim\u00e1lis sz\u00fcks\u00e9ges csomag: Basic<\/h4>\n\n\n\n<p>Az Attendlr jegykezel\u0151 rendszere kritikus szerepet j\u00e1tszik, hogy a p\u00e9nz\u00fcgyeid hat\u00e9konyabb\u00e1 v\u00e1ljanak \u00e9s a vend\u00e9geid k\u00fcl\u00f6nb\u00f6z\u0151 ig\u00e9nyeit ki tudd el\u00e9g\u00edteni. B\u00e1rmilyen fitneszesem\u00e9nyhez k\u00f6nnyed\u00e9n meg tudod tervezni \u00e9s fel\u00fcgyelni a jegyeket. Legyen sz\u00f3 ak\u00e1r egy alkalomra sz\u00f3l\u00f3 jegyekr\u0151l az eseti l\u00e1togat\u00f3knak, ak\u00e1r t\u00f6bb alkalmas b\u00e9rletekr\u0151l azoknak, akik szeretn\u00e9nek elk\u00f6telez\u0151dni, vagy havi, t\u00f6bbhavi vagy \u00e9ves tags\u00e1gr\u00f3l a h\u0171s\u00e9ges vend\u00e9geidnek, ez a funkci\u00f3 mindent lefed.  <\/p>\n\n\n\n<p>Az Attendlr seg\u00edts\u00e9g\u00e9vel nem kell egyf\u00e9le \u00e1raz\u00e1si logik\u00e1hoz ragaszkodnod. Ink\u00e1bb m\u00f3dos\u00edthatod az aj\u00e1nlataidat a vend\u00e9geid ig\u00e9nyei, az \u00fczleti c\u00e9ljaid \u00e9s az esem\u00e9nyek saj\u00e1toss\u00e1gai alapj\u00e1n. P\u00e9ld\u00e1ul k\u00edn\u00e1lhatsz pr\u00e9mium jegyeket k\u00fcl\u00f6nleges \u00f3r\u00e1kra, kedvezm\u00e9nyes csomagokat az \u00fajoncoknak, vagy ak\u00e1r k\u00fcl\u00f6nleges aj\u00e1nlatokat azoknak, akik a cs\u00facsid\u0151n k\u00edv\u00fcli \u00f3r\u00e1kra j\u00f6nnek.  <\/p>\n\n\n\n<p>V\u00e9gs\u0151 soron ez a funkci\u00f3 seg\u00edt, hogy a bev\u00e9teli potenci\u00e1lodat maximaliz\u00e1ld, n\u00f6veld a vend\u00e9gek el\u00e9gedetts\u00e9g\u00e9t, \u00e9s versenyel\u0151nyt szerezz a dinamikusan v\u00e1ltoz\u00f3 fitnesziparban.<\/p>\n\n<\/div><\/div>\n<\/div>\n<\/div><div class=\"gb-container gb-container-b2805747\">\n\n<h2 class=\"wp-block-heading has-text-align-left\" id=\"discounts\">Kedvezm\u00e9nyek<\/h2>\n\n\n<div class=\"gb-grid-wrapper gb-grid-wrapper-440946fb\">\n<div class=\"gb-grid-column gb-grid-column-103c9761\"><div class=\"gb-container gb-container-103c9761\">\n\n<h4 class=\"wp-block-heading has-text-align-left\" style=\"font-size:12px;text-transform:uppercase\">Minim\u00e1lis sz\u00fcks\u00e9ges csomag: Basic<\/h4>\n\n\n\n<p>Az Attendlr Kedvezm\u00e9nyek funkci\u00f3ja egy remek eszk\u00f6z, amit arra hoztunk l\u00e9tre, hogy seg\u00edtsen n\u00f6velni a vend\u00e9geid h\u0171s\u00e9g\u00e9t, mik\u00f6zben a fitnesz \u00fczleted bev\u00e9teleit is megn\u00f6veli. A kedvezm\u00e9nyek l\u00e9trehoz\u00e1sa \u00e9s alkalmaz\u00e1sa nagyon egyszer\u0171, \u00edgy \u00e1rat v\u00e1ltoztathatsz strat\u00e9giailag a k\u00fcl\u00f6nb\u00f6z\u0151 esem\u00e9nyekhez vagy jegycsomagokhoz. A funkci\u00f3 t\u00e1mogatja mind a sz\u00e1zal\u00e9kos, mind a fix \u00e9rt\u00e9k\u0171 kedvezm\u00e9nyeket, \u00edgy rugalmasan igaz\u00edthatod az aj\u00e1nlataidat az \u00fczleti strat\u00e9gi\u00e1dhoz \u00e9s a piaci k\u00f6r\u00fclm\u00e9nyekhez.  <\/p>\n\n\n\n<p>P\u00e9ld\u00e1ul adhatsz fix kedvezm\u00e9nyt egy j\u00f3ga\u00f3r\u00e1k csomagj\u00e1ra, hogy n\u00e9pszer\u0171s\u00edtsd ezt a szolg\u00e1ltat\u00e1st, vagy sz\u00e1zal\u00e9kos kedvezm\u00e9nyt adhatsz a h\u0171s\u00e9ges vend\u00e9geidnek, jutalomk\u00e9nt az\u00e9rt, mert folyamatosan t\u00e1mogatnak. Az ilyen kedvezm\u00e9nyek nemcsak a megl\u00e9v\u0151 vend\u00e9geidet \u00f6szt\u00f6nzik a visszat\u00e9r\u00e9sre, hanem \u00faj vend\u00e9geket is vonzhatnak, akik sz\u00edvesen \u00e9lnek a kedvezm\u00e9nyekkel. <\/p>\n\n\n\n<p>A kedvezm\u00e9nyek strat\u00e9giai alkalmaz\u00e1sa r\u00e1ad\u00e1sul jelent\u0151sen n\u00f6velheti a vend\u00e9gek el\u00e9gedetts\u00e9g\u00e9t. Ezek val\u00f3di \u00e9rt\u00e9ket k\u00e9pviselnek a vend\u00e9geid sz\u00e1m\u00e1ra, \u00e9s megmutatj\u00e1k, hogy mennyire \u00e9rt\u00e9keled a lojalit\u00e1sukat, \u00e9s hogy mindig arra t\u00f6rekszel, hogy a legjobb \u00e9rt\u00e9ket ny\u00fajtsd a fitneszben val\u00f3 befektet\u00e9s\u00fck\u00e9rt. Az Attendlr Kedvezm\u00e9nyek funkci\u00f3ja rugalmass\u00e1got biztos\u00edt, hogy ezeket a vend\u00e9gk\u00f6zpont\u00fa strat\u00e9gi\u00e1kat hat\u00e9konyan alkalmazd, seg\u00edtve ezzel az \u00fczleti n\u00f6veked\u00e9st \u00e9s a vend\u00e9gek el\u00e9gedetts\u00e9g\u00e9t.  <\/p>\n\n<\/div><\/div>\n\n<div class=\"gb-grid-column gb-grid-column-482e3deb\"><div class=\"gb-container gb-container-482e3deb\">\n\n<figure class=\"wp-block-image size-full\"><img decoding=\"async\" width=\"1024\" height=\"1024\" src=\"https:\/\/attendlr.com\/wp-content\/uploads\/2023\/05\/A_flat_style_illustration_of_a_tag_or_coupon_with_a_per_70160354-1bee-483e-b728-6816e4a0ca69.png\" alt=\"Fitnesz esem&#xE9;nykedvezm&#xE9;nyek alkalmaz&#xE1;sa az Attendlr-ben\" class=\"wp-image-1669\" title=\"Vonz&#xF3; kedvezm&#xE9;nyek biztos&#xED;t&#xE1;sa az Attendlrrel\" srcset=\"https:\/\/attendlr.com\/wp-content\/uploads\/2023\/05\/A_flat_style_illustration_of_a_tag_or_coupon_with_a_per_70160354-1bee-483e-b728-6816e4a0ca69.png 1024w, https:\/\/attendlr.com\/wp-content\/uploads\/2023\/05\/A_flat_style_illustration_of_a_tag_or_coupon_with_a_per_70160354-1bee-483e-b728-6816e4a0ca69-300x300.png 300w, https:\/\/attendlr.com\/wp-content\/uploads\/2023\/05\/A_flat_style_illustration_of_a_tag_or_coupon_with_a_per_70160354-1bee-483e-b728-6816e4a0ca69-150x150.png 150w, https:\/\/attendlr.com\/wp-content\/uploads\/2023\/05\/A_flat_style_illustration_of_a_tag_or_coupon_with_a_per_70160354-1bee-483e-b728-6816e4a0ca69-768x768.png 768w\" sizes=\"(max-width: 1024px) 100vw, 1024px\" \/><\/figure>\n\n<\/div><\/div>\n<\/div>\n<\/div><div class=\"gb-container gb-container-8052db71\">\n\n<h2 class=\"wp-block-heading has-text-align-right\" id=\"validity-expiration\">\u00c9rv\u00e9nyess\u00e9g \u00e9s lej\u00e1rat<\/h2>\n\n\n<div class=\"gb-grid-wrapper gb-grid-wrapper-b00b5e74\">\n<div class=\"gb-grid-column gb-grid-column-176a09bd\"><div class=\"gb-container gb-container-176a09bd\">\n\n<figure class=\"wp-block-image size-full\"><img decoding=\"async\" width=\"785\" height=\"1024\" src=\"http:\/\/attendlr.com\/wp-content\/uploads\/2023\/05\/A-minimalist-flat-design-image-depicting-an-iPhone-that-shows-a-simple-calendar.-Over-the-calendar-is-a-red-exclamation-mark-symbolizing-a-nearing-e-e1685117825948.jpg\" alt=\"iPhone napt&#xE1;r megjelen&#xED;t&#xE9;se piros felki&#xE1;lt&#xF3;jellel, amely az Attendlr jegy lej&#xE1;rati funkci&#xF3;j&#xE1;t jelk&#xE9;pezi.\" class=\"wp-image-1672\" title=\"Jegyek lej&#xE1;rat&#xE1;nak kezel&#xE9;se az Attendlrrel\" srcset=\"https:\/\/attendlr.com\/wp-content\/uploads\/2023\/05\/A-minimalist-flat-design-image-depicting-an-iPhone-that-shows-a-simple-calendar.-Over-the-calendar-is-a-red-exclamation-mark-symbolizing-a-nearing-e-e1685117825948.jpg 785w, https:\/\/attendlr.com\/wp-content\/uploads\/2023\/05\/A-minimalist-flat-design-image-depicting-an-iPhone-that-shows-a-simple-calendar.-Over-the-calendar-is-a-red-exclamation-mark-symbolizing-a-nearing-e-e1685117825948-230x300.jpg 230w, https:\/\/attendlr.com\/wp-content\/uploads\/2023\/05\/A-minimalist-flat-design-image-depicting-an-iPhone-that-shows-a-simple-calendar.-Over-the-calendar-is-a-red-exclamation-mark-symbolizing-a-nearing-e-e1685117825948-768x1002.jpg 768w\" sizes=\"(max-width: 785px) 100vw, 785px\" \/><\/figure>\n\n<\/div><\/div>\n\n<div class=\"gb-grid-column gb-grid-column-f2941599\"><div class=\"gb-container gb-container-f2941599\">\n\n<h4 class=\"wp-block-heading has-text-align-right\" style=\"font-size:12px;text-transform:uppercase\">Minim\u00e1lisan sz\u00fcks\u00e9ges csomag: Pro<\/h4>\n\n\n\n<p>Az Attendlr \u00c9rv\u00e9nyess\u00e9g \u00e9s lej\u00e1rat funkci\u00f3ja kulcsszerepet j\u00e1tszik a jegycsomagok hat\u00e9kony kezel\u00e9s\u00e9ben \u00e9s a g\u00f6rd\u00fcl\u00e9keny rendszer fenntart\u00e1s\u00e1ban. Ezzel a funkci\u00f3val te magad hat\u00e1rozhatsz meg \u00e9rv\u00e9nyess\u00e9gi id\u0151szakokat a jegycsomagok sz\u00e1m\u00e1ra, \u00edgy fenntartva egy rendezett \u00e9s igazs\u00e1gos jegy\u00e9rt\u00e9kes\u00edt\u00e9si rendszert. Rugalmasan \u00e1ll\u00edthatod be a csomagok lej\u00e1rati idej\u00e9t k\u00fcl\u00f6nb\u00f6z\u0151 param\u00e9terek alapj\u00e1n \u2013 ak\u00e1r egy konkr\u00e9t lej\u00e1rati d\u00e1tumot, ak\u00e1r bizonyos sz\u00e1m\u00fa napot vagy adott sz\u00e1m\u00fa esem\u00e9nyt be\u00e1ll\u00edthatsz.  <\/p>\n\n\n\n<p>P\u00e9ld\u00e1ul, ha 10 j\u00f3ga\u00f3r\u00e1b\u00f3l \u00e1ll\u00f3 csomagot k\u00edn\u00e1lsz, be\u00e1ll\u00edthatod, hogy a csomag 30 nap m\u00falva j\u00e1rjon le, vagy miut\u00e1n a vend\u00e9g r\u00e9szt vett a 10 \u00f3r\u00e1n, att\u00f3l f\u00fcgg\u0151en, melyik t\u00f6rt\u00e9nik meg el\u0151bb. Ez a szem\u00e9lyre szab\u00e1si szint nagyobb kontrollt biztos\u00edt a jegy\u00e9rt\u00e9kes\u00edt\u00e9si strukt\u00fara felett, \u00e9s seg\u00edt abban, hogy a vend\u00e9geid a megadott id\u0151kereten bel\u00fcl haszn\u00e1lj\u00e1k fel a jegyeiket. Ez a be\u00e1ll\u00edt\u00e1s megakad\u00e1lyozza, hogy a jegyek hat\u00e1rozatlan ideig &#8222;elheverjenek&#8221;, \u00e9s meg\u0151rzi az aj\u00e1nlatok \u00e9rt\u00e9k\u00e9t.  <\/p>\n\n\n\n<p>A j\u00f3 szervez\u00e9s mellett ez a funkci\u00f3 k\u00f6zvetetten n\u00f6veli a vend\u00e9gek elk\u00f6telezetts\u00e9g\u00e9t \u00e9s lojalit\u00e1s\u00e1t is. Ha a vend\u00e9geid tudj\u00e1k, hogy a jegyeiknek lej\u00e1rati ideje van, nagyobb es\u00e9llyel vesznek r\u00e9szt rendszeresen az esem\u00e9nyeken, hogy kihaszn\u00e1lj\u00e1k a v\u00e1s\u00e1rl\u00e1s \u00e9rt\u00e9k\u00e9t. A rendszeres r\u00e9szv\u00e9tel jelent\u0151sen jav\u00edthatja a vend\u00e9g fitnesz\u00e9lm\u00e9ny\u00e9t \u00e9s a kapcsolatot a szolg\u00e1ltat\u00e1soddal, ez\u00e1ltal el\u0151seg\u00edtve a vend\u00e9glojalit\u00e1st \u00e9s el\u00e9gedetts\u00e9get. Az \u00c9rv\u00e9nyess\u00e9g \u00e9s lej\u00e1rat funkci\u00f3 ez\u00e9rt k\u00e9z a k\u00e9zben m\u0171k\u00f6dik a vend\u00e9gmegtart\u00e1si strat\u00e9gi\u00e1kkal, seg\u00edtve t\u00e9ged egy sikeres \u00e9s vir\u00e1gz\u00f3 fitnesz \u00fczlet fel\u00e9p\u00edt\u00e9s\u00e9ben.   <\/p>\n\n<\/div><\/div>\n<\/div>\n<\/div>","protected":false},"excerpt":{"rendered":"<p>Hat\u00e9kony fizet\u00e9si menedzsment a fitnesz \u00fczlet\u00e1gban A fitneszv\u00e1llalkoz\u00e1s p\u00e9nz\u00fcgyi oldal\u00e1nak kezel\u00e9se prec\u00edz odafigyel\u00e9st, szil\u00e1rd szervez\u00e9st \u00e9s rugalmass\u00e1got ig\u00e9nyel az \u00fcgyfelek v\u00e1ltoz\u00f3 ig\u00e9nyeihez val\u00f3 alkalmazkod\u00e1shoz. Az Attendlr \u00e1tfog\u00f3 Fizet\u00e9skezel\u0151 modulj\u00e1t \u00fagy hoztuk l\u00e9tre, hogy ezeket a kih\u00edv\u00e1sokat megoldja, \u00e9s egy \u00e1ttekinthet\u0151, hat\u00e9kony seg\u00edts\u00e9get ny\u00fajtson, amely figyelembe veszi a v\u00e1llalkoz\u00e1s p\u00e9nz\u00fcgyi oldal\u00e1nak minden szegmens\u00e9t. Ahogy egy vend\u00e9g &#8230; <a title=\"Hat\u00e9kony fizet\u00e9si menedzsment a fitnesz \u00fczlet\u00e1gban\" class=\"read-more\" href=\"https:\/\/attendlr.com\/hu\/fizetesi-menedzsment-a-fitnesz-uzletag-szamara\/\" aria-label=\"More on Hat\u00e9kony fizet\u00e9si menedzsment a fitnesz \u00fczlet\u00e1gban\">B\u0151vebben<\/a><\/p>\n","protected":false},"author":1,"featured_media":0,"parent":0,"menu_order":0,"comment_status":"closed","ping_status":"closed","template":"","meta":{"qubely_global_settings":"","qubely_interactions":"","_uag_custom_page_level_css":""},"aioseo_notices":[],"uagb_featured_image_src":{"full":false,"thumbnail":false,"medium":false,"medium_large":false,"large":false,"1536x1536":false,"2048x2048":false,"qubely_landscape":false,"qubely_portrait":false,"qubely_thumbnail":false},"uagb_author_info":{"display_name":"attadmin","author_link":"https:\/\/attendlr.com\/hu\/author\/attadmin\/"},"uagb_comment_info":0,"uagb_excerpt":"Hat\u00e9kony fizet\u00e9si menedzsment a fitnesz \u00fczlet\u00e1gban A fitneszv\u00e1llalkoz\u00e1s p\u00e9nz\u00fcgyi oldal\u00e1nak kezel\u00e9se prec\u00edz odafigyel\u00e9st, szil\u00e1rd szervez\u00e9st \u00e9s rugalmass\u00e1got ig\u00e9nyel az \u00fcgyfelek v\u00e1ltoz\u00f3 ig\u00e9nyeihez val\u00f3 alkalmazkod\u00e1shoz. Az Attendlr \u00e1tfog\u00f3 Fizet\u00e9skezel\u0151 modulj\u00e1t \u00fagy hoztuk l\u00e9tre, hogy ezeket a kih\u00edv\u00e1sokat megoldja, \u00e9s egy \u00e1ttekinthet\u0151, hat\u00e9kony seg\u00edts\u00e9get ny\u00fajtson, amely figyelembe veszi a v\u00e1llalkoz\u00e1s p\u00e9nz\u00fcgyi oldal\u00e1nak minden szegmens\u00e9t. Ahogy egy vend\u00e9g&hellip;","_links":{"self":[{"href":"https:\/\/attendlr.com\/hu\/wp-json\/wp\/v2\/pages\/1970"}],"collection":[{"href":"https:\/\/attendlr.com\/hu\/wp-json\/wp\/v2\/pages"}],"about":[{"href":"https:\/\/attendlr.com\/hu\/wp-json\/wp\/v2\/types\/page"}],"author":[{"embeddable":true,"href":"https:\/\/attendlr.com\/hu\/wp-json\/wp\/v2\/users\/1"}],"replies":[{"embeddable":true,"href":"https:\/\/attendlr.com\/hu\/wp-json\/wp\/v2\/comments?post=1970"}],"version-history":[{"count":5,"href":"https:\/\/attendlr.com\/hu\/wp-json\/wp\/v2\/pages\/1970\/revisions"}],"predecessor-version":[{"id":2138,"href":"https:\/\/attendlr.com\/hu\/wp-json\/wp\/v2\/pages\/1970\/revisions\/2138"}],"wp:attachment":[{"href":"https:\/\/attendlr.com\/hu\/wp-json\/wp\/v2\/media?parent=1970"}],"curies":[{"name":"wp","href":"https:\/\/api.w.org\/{rel}","templated":true}]}}