{"id":1965,"date":"2023-05-27T16:23:15","date_gmt":"2023-05-27T16:23:15","guid":{"rendered":"https:\/\/attendlr.com\/aramvonalas-kommunikacios-eszkozok-a-fitnesz-uzletag-szamara\/"},"modified":"2023-05-28T20:18:38","modified_gmt":"2023-05-28T20:18:38","slug":"kommunikacios-eszkozok-fitnesz-vallalkozas-szamara","status":"publish","type":"page","link":"https:\/\/attendlr.com\/hu\/kommunikacios-eszkozok-fitnesz-vallalkozas-szamara\/","title":{"rendered":"Kommunik\u00e1ci\u00f3 a fitnesz v\u00e1llalkoz\u00e1sodban"},"content":{"rendered":"\n<h1 class=\"wp-block-heading has-text-align-center\">Kommunik\u00e1ci\u00f3 a fitnesz v\u00e1llalkoz\u00e1sodban<\/h1>\n\n<p>A mai digit\u00e1lis vil\u00e1gban a gyors \u00e9s hat\u00e9kony kommunik\u00e1ci\u00f3 n\u00e9lk\u00fcl\u00f6zhetetlen r\u00e9sze minden sikeres fitneszv\u00e1llalkoz\u00e1snak. Az Attendlr ezt teljes m\u00e9rt\u00e9kben \u00e9rti, ez\u00e9rt olyan kommunik\u00e1ci\u00f3s eszk\u00f6z\u00f6k sor\u00e1t dolgoztuk ki, melyek c\u00e9lja, hogy megk\u00f6nny\u00edts\u00e9k \u00e9s optimaliz\u00e1lj\u00e1k az \u00fcgyfelekkel val\u00f3 kommunik\u00e1ci\u00f3t. <\/p>\n\n<p>Az Attendlr platform seg\u00edts\u00e9g\u00e9vel m\u00e1r nem kell k\u00fcl\u00f6nf\u00e9le alkalmaz\u00e1sok \u00e9s platformok k\u00f6z\u00f6tt ugr\u00e1lnod, hogy \u00fcgyfeleiddel tartani tudd a kapcsolatot. Az Attendlr-en bel\u00fclr\u0151l h\u00edvhatod az \u0151ket, ez\u00e1ltal id\u0151t \u00e9s energi\u00e1t sp\u00f3rolhatsz meg, mik\u00f6zben semmi nem ker\u00fclhet a l\u00e1t\u00f3tereden k\u00edv\u00fclre. K\u00fcldhetsz szem\u00e9lyre szabott SMS-eket az azonnali inform\u00e1ci\u00f3kr\u00f3l, vagy r\u00e9szletes e-maileket az \u00e1tfog\u00f3bb tudnival\u00f3kr\u00f3l. Az \u00f6sszes l\u00e9nyeges kontaktodat egy helyen tudod kezelni, \u00e9s az \u00fcgyf\u00e9ladatok mindig k\u00e9zn\u00e9l vannak. R\u00e1ad\u00e1sul a manu\u00e1lis fizet\u00e9si eml\u00e9keztet\u0151k funkci\u00f3val garant\u00e1lhatod, hogy a bev\u00e9teleid id\u0151ben be\u00e9rkezzenek, mik\u00f6zben a kapcsolatot az \u00fcgyfelekkel szakmai, de k\u00f6zben bar\u00e1ts\u00e1gos m\u00f3don tartod.    <\/p>\n\n<p>Komplex kommunik\u00e1ci\u00f3s csomagunk nemcsak a kapcsolattart\u00e1s megk\u00f6nny\u00edt\u00e9s\u00e9t c\u00e9lozza. Hanem sz\u00f3 van a m\u00e9ly kapcsolatok kialak\u00edt\u00e1s\u00e1r\u00f3l, az \u00fcgyf\u00e9lh\u0171s\u00e9g er\u0151s\u00edt\u00e9s\u00e9r\u0151l, \u00e9s v\u00e9gs\u0151 soron az \u00fczleti siker el\u0151seg\u00edt\u00e9s\u00e9r\u0151l. Az Attendlr seg\u00edts\u00e9g\u00e9vel nem csak kezelheted a kommunik\u00e1ci\u00f3t, hanem \u00faj szintre emelheted. C\u00e9lunk, hogy megadjuk neked azokat az eszk\u00f6z\u00f6ket, amelyekkel inspir\u00e1lhatod, bevonhatod \u00e9s fejlesztheted a fitneszk\u00f6z\u00f6ss\u00e9gedet. Hagyd, hogy az Attendlr kezelje kommunik\u00e1ci\u00f3s ig\u00e9nyeidet, \u00edgy te a legjobb fitneszszolg\u00e1ltat\u00e1sok ny\u00fajt\u00e1s\u00e1ra koncentr\u00e1lhatsz, \u00e9s tov\u00e1bbra is azt csin\u00e1lhatod, amit szeretsz.    <\/p>\n<div class=\"gb-container gb-container-fc005ce9\">\n\n<h2 class=\"wp-block-heading\" id=\"contact-details\">Kapcsolattart\u00e1si adatok<\/h2>\n\n\n<div class=\"gb-grid-wrapper gb-grid-wrapper-94ccb148\">\n<div class=\"gb-grid-column gb-grid-column-9a765c8c\"><div class=\"gb-container gb-container-9a765c8c\">\n\n<h4 class=\"wp-block-heading\" style=\"font-size:12px;text-transform:uppercase\">Minden csomagban el\u00e9rhet\u0151<\/h4>\n\n\n\n<p>Az Attendlr Kapcsolattart\u00e1si adatok funkci\u00f3ja kiemelten t\u00e1mogatja a hat\u00e9kony \u00e9s sikeres kommunik\u00e1ci\u00f3t, amely minden eredm\u00e9nyes fitnesz\u00fczlet kulcseleme. A rendszer k\u00f6zpontos\u00edtott adatt\u00e1rol\u00e1st biztos\u00edt az \u00f6sszes fontos \u00fcgyf\u00e9ladat sz\u00e1m\u00e1ra, bele\u00e9rtve a telefonsz\u00e1mokat, e-mail c\u00edmeket \u00e9s v\u00e9szhelyzeti kapcsolattart\u00f3 inform\u00e1ci\u00f3kat. \u00cdgy biztos\u00edthatod, hogy semmilyen fontos inform\u00e1ci\u00f3 ne maradjon ki a l\u00e1t\u00f3k\u00f6r\u00f6db\u0151l. <\/p>\n\n\n\n<p>De ez a funkci\u00f3 nem csak egy t\u00e1rh\u00e1z, sokkal ink\u00e1bb eszk\u00f6z a szem\u00e9lyre szabott szolg\u00e1ltat\u00e1sok ny\u00fajt\u00e1s\u00e1hoz. A kapcsolattart\u00e1si adatok k\u00f6nny\u0171 hozz\u00e1f\u00e9rhet\u0151s\u00e9ge lehet\u0151v\u00e9 teszi, hogy gyorsan kapcsolatba l\u00e9pj az \u00fcgyfelekkel, legyen sz\u00f3 eml\u00e9keztet\u0151kr\u0151l, friss\u00edt\u00e9sekr\u0151l vagy szem\u00e9lyre szabott \u00fcdv\u00f6zl\u00e9sekr\u0151l. R\u00e1ad\u00e1sul, ha ismered az egyes \u00fcgyfelek prefer\u00e1lt kommunik\u00e1ci\u00f3s st\u00edlus\u00e1t, az n\u00f6velheti az \u00e1ltalad ny\u00fajtott szolg\u00e1ltat\u00e1ssal val\u00f3 el\u00e9gedetts\u00e9g\u00fcket.  <\/p>\n\n\n\n<p>Egy m\u00e1sik fontos aspektus a v\u00e9szhelyzeti kapcsolattart\u00f3 adatok gyors el\u00e9rhet\u0151s\u00e9ge. Egy esetleges eg\u00e9szs\u00e9g\u00fcgyi incidens vagy v\u00e9szhelyzet eset\u00e9n \u00e9letbev\u00e1g\u00f3an fontos, hogy ez az inform\u00e1ci\u00f3 gyorsan k\u00e9zn\u00e9l legyen, \u00e9s ezzel bizony\u00edtod, mennyire elk\u00f6telezett vagy az \u00fcgyfelek biztons\u00e1ga ir\u00e1nt. <\/p>\n\n\n\n<p>A Kapcsolattart\u00e1si adatok funkci\u00f3 nem csak a mindennapi teend\u0151kben ny\u00fajt seg\u00edts\u00e9get, hanem t\u00fckr\u00f6zi az Attendlr filoz\u00f3fi\u00e1j\u00e1t is, miszerint a v\u00e1llalkoz\u00e1sod nem csup\u00e1n tranzakci\u00f3k sorozata, hanem val\u00f3di kapcsolatok halmaza. Az Attendlr k\u00f6z\u00e9ppontj\u00e1ban az \u00fcgyf\u00e9lk\u00f6zpont\u00fas\u00e1g \u00e9s az \u00fcgyf\u00e9lkapcsolatok \u00e1llnak, \u00edgy biztos\u00edthat\u00f3, hogy rendelkez\u00e9sedre \u00e1lljanak azok az eszk\u00f6z\u00f6k, amelyekkel megmutathatod az \u00fcgyfeleidnek: \u0151k nem csak n\u00e9v \u00e9s sz\u00e1m a rendszeredben, hanem \u00e9rt\u00e9kes tagjai a fitneszk\u00f6z\u00f6ss\u00e9gednek. <\/p>\n\n<\/div><\/div>\n\n<div class=\"gb-grid-column gb-grid-column-4866a28e\"><div class=\"gb-container gb-container-4866a28e\">\n<div class=\"wp-block-image\">\n<figure class=\"aligncenter size-large is-resized\"><img decoding=\"async\" src=\"https:\/\/attendlr.com\/wp-content\/uploads\/2023\/05\/A_flat-style_illustration_featuring_a_contact_informati_ad6c92d6-1507-4f38-881d-4f1295158185-574x1024.jpg\" alt=\"Digit&#xE1;lis &#xFC;gyf&#xE9;lkapcsolati k&#xE1;rtya a sz&#xE1;m&#xED;t&#xF3;g&#xE9;p k&#xE9;perny&#x151;j&#xE9;n\" class=\"wp-image-1687\" width=\"287\" height=\"512\" title=\"&#xDC;gyf&#xE9;l el&#xE9;rhet&#x151;s&#xE9;gei az Attendlr-ben\" srcset=\"https:\/\/attendlr.com\/wp-content\/uploads\/2023\/05\/A_flat-style_illustration_featuring_a_contact_informati_ad6c92d6-1507-4f38-881d-4f1295158185-574x1024.jpg 574w, https:\/\/attendlr.com\/wp-content\/uploads\/2023\/05\/A_flat-style_illustration_featuring_a_contact_informati_ad6c92d6-1507-4f38-881d-4f1295158185-168x300.jpg 168w, https:\/\/attendlr.com\/wp-content\/uploads\/2023\/05\/A_flat-style_illustration_featuring_a_contact_informati_ad6c92d6-1507-4f38-881d-4f1295158185-768x1370.jpg 768w, https:\/\/attendlr.com\/wp-content\/uploads\/2023\/05\/A_flat-style_illustration_featuring_a_contact_informati_ad6c92d6-1507-4f38-881d-4f1295158185.jpg 816w\" sizes=\"(max-width: 287px) 100vw, 287px\" \/><\/figure><\/div>\n<\/div><\/div>\n<\/div>\n<\/div><div class=\"gb-container gb-container-c7743c17\">\n\n<h2 class=\"wp-block-heading has-text-align-right\" id=\"make-a-call\">H\u00edv\u00e1s kezdem\u00e9nyez\u00e9se az Attendlr-b\u0151l<\/h2>\n\n\n<div class=\"gb-grid-wrapper gb-grid-wrapper-b7415f5c\">\n<div class=\"gb-grid-column gb-grid-column-8895b39d\"><div class=\"gb-container gb-container-8895b39d\">\n<div class=\"wp-block-image\">\n<figure class=\"aligncenter size-medium is-resized\"><img decoding=\"async\" src=\"https:\/\/attendlr.com\/wp-content\/uploads\/2023\/05\/2023-05-26-21.57.35-red-call-icon-rounded-borders-white-background-300x300.jpg\" alt=\"Attendlr App h&#xED;v&#xE1;s funkci&#xF3; illusztr&#xE1;ci&#xF3;\" class=\"wp-image-1691\" width=\"300\" height=\"300\" title=\"Attendlr alkalmaz&#xE1;son bel&#xFC;li h&#xED;v&#xE1;s funkci&#xF3;ja\"\/><\/figure><\/div>\n<\/div><\/div>\n\n<div class=\"gb-grid-column gb-grid-column-31c376d1\"><div class=\"gb-container gb-container-31c376d1\">\n\n<h4 class=\"wp-block-heading has-text-align-right\" style=\"font-size:12px;text-transform:uppercase\">Minim\u00e1lisan sz\u00fcks\u00e9ges csomag: Basic<\/h4>\n\n\n\n<p>Az Attendlr rendszer\u00e9nek be\u00e9p\u00edtett h\u00edv\u00e1sfunkci\u00f3ja \u00fajabb szintet ad hozz\u00e1 a fitnesz\u00fczleti tev\u00e9kenys\u00e9gek k\u00e9nyelm\u00e9hez \u00e9s hat\u00e9konys\u00e1g\u00e1hoz. Ennek k\u00f6sz\u00f6nhet\u0151en gyorsan \u00e9s egyszer\u0171en kapcsolatba l\u00e9phetsz az \u00fcgyfeleiddel a legk\u00fcl\u00f6nb\u00f6z\u0151bb okokb\u00f3l &#8211; legyen sz\u00f3 a fejl\u0151d\u00e9s\u00fckkel kapcsolatos visszajelz\u00e9sr\u0151l, esem\u00e9nyek id\u0151pontv\u00e1ltoz\u00e1s\u00e1nak k\u00f6zl\u00e9s\u00e9r\u0151l, vagy a fitneszc\u00e9ljaikr\u00f3l \u00e9s terveikr\u0151l sz\u00f3l\u00f3 r\u00e9szletes megbesz\u00e9l\u00e9sr\u0151l. \u00cdgy nem csak id\u0151t sp\u00f3rolhatsz meg, hanem meg\u00faszhatod a t\u00f6bb eszk\u00f6z vagy alkalmaz\u00e1s k\u00f6z\u00f6tti bonyolult navig\u00e1l\u00e1st is. R\u00e1ad\u00e1sul minden egyes h\u00edv\u00e1s, amit ezzel a funkci\u00f3val ind\u00edtasz, nyilv\u00e1ntart\u00e1sra ker\u00fcl a rendszerben, ami lehet\u0151v\u00e9 teszi, hogy r\u00e9szletes \u00e1ttekint\u00e9st tarts az \u00fcgyfeleiddel folytatott kommunik\u00e1ci\u00f3r\u00f3l. Ez az inform\u00e1ci\u00f3 nagyon hasznos lehet kor\u00e1bbi besz\u00e9lget\u00e9sek felid\u00e9z\u00e9s\u00e9hez, vagy a kommunik\u00e1ci\u00f3s strat\u00e9gi\u00e1k fel\u00fclvizsg\u00e1lat\u00e1hoz \u00e9s finom\u00edt\u00e1s\u00e1hoz. \u00d6sszess\u00e9g\u00e9ben az Attendlr be\u00e9p\u00edtett h\u00edv\u00e1sfunkci\u00f3ja egyszer\u0171s\u00edti az \u00fcgyf\u00e9lkapcsolati folyamatot, \u00edgy t\u00f6bb id\u0151t t\u00f6lthetsz azzal, amiben igaz\u00e1n j\u00f3 vagy &#8211; a kiemelked\u0151 fitneszszolg\u00e1ltat\u00e1sok ny\u00fajt\u00e1s\u00e1val.     <\/p>\n\n<\/div><\/div>\n<\/div>\n<\/div><div class=\"gb-container gb-container-7a013011\">\n\n<h2 class=\"wp-block-heading has-text-align-left\" id=\"send-text-message\">Sz\u00f6veges \u00fczenetek k\u00fcld\u00e9se<\/h2>\n\n\n<div class=\"gb-grid-wrapper gb-grid-wrapper-fba87629\">\n<div class=\"gb-grid-column gb-grid-column-342ca569\"><div class=\"gb-container gb-container-342ca569\">\n\n<h4 class=\"wp-block-heading has-text-align-left\" style=\"font-size:12px;text-transform:uppercase\">Minim\u00e1lisan sz\u00fcks\u00e9ges csomag: Basic<\/h4>\n\n\n\n<p>Az Attendlr SMS szolg\u00e1ltat\u00e1sa k\u00e9nyelmes eszk\u00f6zt ny\u00fajt a gyors \u00e9s k\u00f6zvetlen kapcsolattart\u00e1shoz az \u00fcgyfeleiddel. Csak n\u00e9h\u00e1ny kattint\u00e1s, \u00e9s m\u00e1ris el tudsz k\u00fcldeni minden relev\u00e1ns inform\u00e1ci\u00f3t, friss\u00edt\u00e9st vagy eml\u00e9keztet\u0151t k\u00f6zvetlen\u00fcl az \u00fcgyfelek mobilk\u00e9sz\u00fcl\u00e9k\u00e9re. Legyen sz\u00f3 \u00f3r\u00e1kr\u00f3l, friss\u00edt\u00e9sekr\u0151l, vagy szem\u00e9lyre szabott fitnesz tan\u00e1csokr\u00f3l, ez a funkci\u00f3 az \u00fcgyfelek zseb\u00e9be helyezi a szolg\u00e1ltat\u00e1sodat.  <\/p>\n\n\n\n<p>A hat\u00e9konys\u00e1g alapvet\u0151 fontoss\u00e1g\u00fa a fitneszv\u00e1llalkoz\u00e1sok m\u0171k\u00f6d\u00e9s\u00e9ben, \u00e9s ez a felhaszn\u00e1l\u00f3bar\u00e1t funkcionalit\u00e1s egyszer\u0171s\u00edti a kommunik\u00e1ci\u00f3 kezel\u00e9s\u00e9t an\u00e9lk\u00fcl, hogy sok id\u0151t \u00e9s energi\u00e1t ig\u00e9nyelne t\u0151led. Minden elk\u00fcld\u00f6tt \u00fczenet napl\u00f3z\u00e1sra ker\u00fcl az \u00fcgyf\u00e9l profilj\u00e1ban az Attendlr rendszer\u00e9ben, \u00edgy k\u00f6nnyen nyomon k\u00f6vetheted a kommunik\u00e1ci\u00f3 el\u0151zm\u00e9nyeit. Az Attendlr SMS szolg\u00e1ltat\u00e1sa a gyors \u00e9s k\u00f6zvetlen kommunik\u00e1ci\u00f3 el\u0151seg\u00edt\u00e9s\u00e9vel seg\u00edt szoros kapcsolatot fenntartani az \u00fcgyfeleiddel, n\u00f6velve h\u0171s\u00e9g\u00fcket \u00e9s el\u00e9gedetts\u00e9g\u00fcket. Egy olyan vil\u00e1gban, ahol a gyors \u00e9s k\u00f6zvetlen kommunik\u00e1ci\u00f3 kulcsfontoss\u00e1g\u00fa, az Attendlr melletted \u00e1ll.   <\/p>\n\n<\/div><\/div>\n\n<div class=\"gb-grid-column gb-grid-column-341f9163\"><div class=\"gb-container gb-container-341f9163\">\n\n<figure class=\"wp-block-image size-full\"><img decoding=\"async\" width=\"800\" height=\"800\" src=\"http:\/\/attendlr.com\/wp-content\/uploads\/2023\/05\/text-message.png\" alt=\"Sz&#xF6;veges &#xFC;zenetk&#xFC;ld&#x151; fel&#xFC;lettel ell&#xE1;tott okostelefon, amely az Attendlr SMS funkci&#xF3;j&#xE1;t szimboliz&#xE1;lja a k&#xF6;zvetlen &#xFC;gyf&#xE9;lkommunik&#xE1;ci&#xF3;hoz.\" class=\"wp-image-1701\" title=\"Attendlr SMS funkci&#xF3; - Egyszer&#x171;s&#xED;tett &#xFC;gyf&#xE9;lkommunik&#xE1;ci&#xF3;\" srcset=\"https:\/\/attendlr.com\/wp-content\/uploads\/2023\/05\/text-message.png 800w, https:\/\/attendlr.com\/wp-content\/uploads\/2023\/05\/text-message-300x300.png 300w, https:\/\/attendlr.com\/wp-content\/uploads\/2023\/05\/text-message-150x150.png 150w, https:\/\/attendlr.com\/wp-content\/uploads\/2023\/05\/text-message-768x768.png 768w\" sizes=\"(max-width: 800px) 100vw, 800px\" \/><\/figure>\n\n<\/div><\/div>\n<\/div>\n<\/div><div class=\"gb-container gb-container-bff666a8\">\n\n<h2 class=\"wp-block-heading has-text-align-right\" id=\"send-email\">E-mail k\u00fcld\u00e9se<\/h2>\n\n\n<div class=\"gb-grid-wrapper gb-grid-wrapper-9e790982\">\n<div class=\"gb-grid-column gb-grid-column-85e1eed7\"><div class=\"gb-container gb-container-85e1eed7\">\n\n<figure class=\"wp-block-image size-full\"><img decoding=\"async\" width=\"1024\" height=\"1024\" src=\"https:\/\/attendlr.com\/wp-content\/uploads\/2023\/05\/a_flat_style_illustration_of_a_tablet_screen_displaying_44c606fa-3f15-4dcb-8d2d-1a14536dc3b2.jpg\" alt=\"Az Attendlr be&#xE9;p&#xED;tett e-mail funkci&#xF3;j&#xE1;nak illusztr&#xE1;ci&#xF3;ja, amely egyszer&#x171;s&#xED;ti az &#xFC;gyf&#xE9;lkommunik&#xE1;ci&#xF3;t.\" class=\"wp-image-1707\" title=\"Integr&#xE1;lt e-mail kommunik&#xE1;ci&#xF3; az Attendlr-ben\" srcset=\"https:\/\/attendlr.com\/wp-content\/uploads\/2023\/05\/a_flat_style_illustration_of_a_tablet_screen_displaying_44c606fa-3f15-4dcb-8d2d-1a14536dc3b2.jpg 1024w, https:\/\/attendlr.com\/wp-content\/uploads\/2023\/05\/a_flat_style_illustration_of_a_tablet_screen_displaying_44c606fa-3f15-4dcb-8d2d-1a14536dc3b2-300x300.jpg 300w, https:\/\/attendlr.com\/wp-content\/uploads\/2023\/05\/a_flat_style_illustration_of_a_tablet_screen_displaying_44c606fa-3f15-4dcb-8d2d-1a14536dc3b2-150x150.jpg 150w, https:\/\/attendlr.com\/wp-content\/uploads\/2023\/05\/a_flat_style_illustration_of_a_tablet_screen_displaying_44c606fa-3f15-4dcb-8d2d-1a14536dc3b2-768x768.jpg 768w\" sizes=\"(max-width: 1024px) 100vw, 1024px\" \/><\/figure>\n\n<\/div><\/div>\n\n<div class=\"gb-grid-column gb-grid-column-597136dd\"><div class=\"gb-container gb-container-597136dd\">\n\n<h4 class=\"wp-block-heading has-text-align-right\" style=\"font-size:12px;text-transform:uppercase\">Minim\u00e1lisan sz\u00fcks\u00e9ges csomag: Basic<\/h4>\n\n\n\n<p>Az Attendlr integr\u00e1lt e-mail funkci\u00f3ja val\u00f3ban \u00faj szintre emeli az e-mail kommunik\u00e1ci\u00f3t. Seg\u00edts\u00e9g\u00e9vel z\u00f6kken\u0151mentesen k\u00fcldhetsz e-maileket k\u00f6zvetlen\u00fcl a platformon kereszt\u00fcl, \u00edgy nincs sz\u00fcks\u00e9ged m\u00e1s e-mail szolg\u00e1ltat\u00e1sokra. Legyen sz\u00f3 fitnesz\u00fatmutat\u00f3k elk\u00fcld\u00e9s\u00e9r\u0151l, az \u00fcgyfelek k\u00f6zelg\u0151 esem\u00e9nyekr\u0151l t\u00f6rt\u00e9n\u0151 \u00e9rtes\u00edt\u00e9s\u00e9r\u0151l, sz\u00e1ml\u00e1k k\u00fcld\u00e9s\u00e9r\u0151l vagy szem\u00e9lyre szabott prom\u00f3ci\u00f3s aj\u00e1nlatokr\u00f3l, mindezt n\u00e9h\u00e1ny kattint\u00e1ssal el\u00e9rheted.  <\/p>\n\n\n\n<p>Az Attendlr-en kereszt\u00fcl k\u00fcld\u00f6tt \u00f6sszes e-mail napl\u00f3z\u00e1sra ker\u00fcl \u00e9s nyomon k\u00f6vethet\u0151, \u00edgy minden \u00fcgyf\u00e9l sz\u00e1m\u00e1ra \u00e1ttekinthet\u0151 kommunik\u00e1ci\u00f3s el\u0151zm\u00e9nyeket biztos\u00edt. Ez a funkci\u00f3 jav\u00edtja a szervezeti hat\u00e9konys\u00e1got \u00e9s seg\u00edt abban, hogy soha ne maradjon le semmir\u0151l a kommunik\u00e1ci\u00f3s strat\u00e9gi\u00e1dban. A kommunik\u00e1ci\u00f3 egys\u00e9ges\u00edt\u00e9s\u00e9vel az Attendlr-en kereszt\u00fcl cs\u00f6kkentheted az inform\u00e1ci\u00f3veszt\u00e9s kock\u00e1zat\u00e1t \u00e9s folyamatosan magas sz\u00ednvonal\u00fa szolg\u00e1ltat\u00e1st biztos\u00edthatsz az \u00fcgyfeleidnek. Az Attendlr be\u00e9p\u00edtett e-mail funkci\u00f3j\u00e1val minden kommunik\u00e1ci\u00f3 sz\u00e1m\u00edt, \u00e9s szorosabbra f\u0171zheted az \u00fcgyfelekkel val\u00f3 kapcsolatodat.   <\/p>\n\n<\/div><\/div>\n<\/div>\n<\/div><div class=\"gb-container gb-container-2aebb206\">\n\n<h2 class=\"wp-block-heading has-text-align-left\" id=\"send-client-assignment\">\u00dcgyf\u00e9l-feladatok k\u00fcld\u00e9se<\/h2>\n\n\n<div class=\"gb-grid-wrapper gb-grid-wrapper-3ed22b99\">\n<div class=\"gb-grid-column gb-grid-column-00993709\"><div class=\"gb-container gb-container-00993709\">\n\n<h4 class=\"wp-block-heading has-text-align-left\" style=\"font-size:12px;text-transform:uppercase\">Minim\u00e1lisan sz\u00fcks\u00e9ges csomag: Pro<\/h4>\n\n\n\n<p>Az Attendlr \u00dcgyf\u00e9lfeladatok funkci\u00f3ja val\u00f3ban kiv\u00e1l\u00f3 eszk\u00f6z a folyamatos, \u00e9rt\u00e9kes kommunik\u00e1ci\u00f3hoz \u00fcgyfeleid \u00e9s k\u00f6zted. A rendszeresen meghat\u00e1rozott feladatok \u00e9s c\u00e9lok seg\u00edtenek folyamatos p\u00e1rbesz\u00e9det fenntartani az \u00fcgyfeleid fejl\u0151d\u00e9s\u00e9r\u0151l \u00e9s kih\u00edv\u00e1sair\u00f3l. Ezzel m\u00e9lyebb betekint\u00e9st nyerhetsz az \u00fcgyfeleid k\u00e9pess\u00e9geibe, fejl\u0151d\u00e9s\u00e9be \u00e9s ahol m\u00e9g akad\u00e1lyokba \u00fctk\u00f6znek. Ez a folyamatos visszajelz\u00e9s seg\u00edthet abban, hogy hat\u00e9konyabban t\u00e1mogasd \u0151ket, \u00e9s m\u00e9g szorosabb kapcsolatot alak\u00edts ki vel\u00fck.   <\/p>\n\n\n\n<p>Az Attendlr platformj\u00e1n kereszt\u00fcl k\u00f6zvetlen\u00fcl kioszthat\u00f3 feladatok kik\u00fcsz\u00f6b\u00f6lik a zavarod\u00e1st azzal kapcsolatban, hogy mit \u00e9s mikor kell az \u00fcgyfeleidnek elv\u00e9gezni\u00fck. Ez a tiszt\u00e1zotts\u00e1g jelent\u0151sen jav\u00edthatja az \u00fcgyfeleid edz\u00e9srutinj\u00e1nak k\u00f6vetkezetess\u00e9g\u00e9t \u00e9s a szolg\u00e1ltat\u00e1said ir\u00e1nti el\u00e9gedetts\u00e9g\u00fcket. Fitnesz szakemberk\u00e9nt a c\u00e9lod nem csak hat\u00e9kony edz\u00e9sek biztos\u00edt\u00e1sa, hanem az \u00fcgyfeleid \u00e9lm\u00e9ny\u00e9nek \u00e9s elk\u00f6telezetts\u00e9g\u00e9nek fokoz\u00e1sa is. Az Attendlr \u00dcgyf\u00e9lfeladatok funkci\u00f3ja ezt a c\u00e9lt szolg\u00e1lja, egyszer\u0171s\u00edti a feladat kioszt\u00e1s\u00e1nak folyamat\u00e1t, \u00e9s lehet\u0151v\u00e9 teszi az egy\u00e9ni utak szem\u00e9lyre szab\u00e1s\u00e1t.   <\/p>\n\n<\/div><\/div>\n\n<div class=\"gb-grid-column gb-grid-column-29159644\"><div class=\"gb-container gb-container-29159644\">\n\n<figure class=\"wp-block-image size-full\"><img decoding=\"async\" width=\"1024\" height=\"1024\" src=\"https:\/\/attendlr.com\/wp-content\/uploads\/2023\/05\/A_flat_design_style_illustration_featuring_a_smartphone_e7f7523b-3ef6-4db3-9b93-413f6d365ba8.jpg\" alt=\"Az Attendlr &#xFC;gyf&#xE9;lfeladatok funkci&#xF3;j&#xE1;t szimboliz&#xE1;l&#xF3;, fitneszfeladat-ellen&#x151;rz&#xE9;si list&#xE1;t mutat&#xF3; okostelefon.\" class=\"wp-image-1714\" title=\"&#xDC;gyf&#xE9;lfeladatok funkci&#xF3; - Fitnesz feladat ellen&#x151;rz&#x151;lista okostelefonon\" srcset=\"https:\/\/attendlr.com\/wp-content\/uploads\/2023\/05\/A_flat_design_style_illustration_featuring_a_smartphone_e7f7523b-3ef6-4db3-9b93-413f6d365ba8.jpg 1024w, https:\/\/attendlr.com\/wp-content\/uploads\/2023\/05\/A_flat_design_style_illustration_featuring_a_smartphone_e7f7523b-3ef6-4db3-9b93-413f6d365ba8-300x300.jpg 300w, https:\/\/attendlr.com\/wp-content\/uploads\/2023\/05\/A_flat_design_style_illustration_featuring_a_smartphone_e7f7523b-3ef6-4db3-9b93-413f6d365ba8-150x150.jpg 150w, https:\/\/attendlr.com\/wp-content\/uploads\/2023\/05\/A_flat_design_style_illustration_featuring_a_smartphone_e7f7523b-3ef6-4db3-9b93-413f6d365ba8-768x768.jpg 768w\" sizes=\"(max-width: 1024px) 100vw, 1024px\" \/><\/figure>\n\n<\/div><\/div>\n<\/div>\n<\/div><div class=\"gb-container gb-container-64128fc7\">\n\n<h2 class=\"wp-block-heading has-text-align-left\" id=\"send-payment-reminder\">Fizet\u00e9si eml\u00e9keztet\u0151 k\u00fcld\u00e9se<\/h2>\n\n\n<div class=\"gb-grid-wrapper gb-grid-wrapper-7d294303\">\n<div class=\"gb-grid-column gb-grid-column-1c70205f\"><div class=\"gb-container gb-container-1c70205f\">\n\n<h4 class=\"wp-block-heading has-text-align-left\" style=\"font-size:12px;text-transform:uppercase\">Minim\u00e1lisan sz\u00fcks\u00e9ges csomag: Premium<\/h4>\n\n\n\n<p>Az Attendlr Fizet\u00e9si eml\u00e9keztet\u0151k funkci\u00f3ja val\u00f3ban alapvet\u0151 eszk\u00f6z a fitnesz\u00fczlet p\u00e9nz\u00fcgyi stabilit\u00e1s\u00e1nak fenntart\u00e1s\u00e1hoz. Ez a funkci\u00f3 lehet\u0151v\u00e9 teszi, hogy hat\u00e9konyan eml\u00e9keztess \u00fcgyfeleidet a k\u00f6zelg\u0151 fizet\u00e9sekre, az esed\u00e9kes egyenlegekre, vagy a k\u00e9sedelmi d\u00edjak megfizet\u00e9s\u00e9re, mindezt \u00fagy, hogy k\u00f6zben fenntartod a szem\u00e9lyes hangv\u00e9telt. A k\u00f6zvetlen\u00fcl a platformr\u00f3l k\u00fcld\u00f6tt eml\u00e9keztet\u0151k seg\u00edtenek fenntartani a fizet\u00e9si st\u00e1tuszokkal kapcsolatos k\u00f6vetkezetes kommunik\u00e1ci\u00f3t an\u00e9lk\u00fcl, hogy szembe kellene n\u00e9zned a fizet\u00e9sek behajt\u00e1s\u00e1nak kellemetlens\u00e9geivel.  <\/p>\n\n\n\n<p>A Fizet\u00e9si eml\u00e9keztet\u0151k funkci\u00f3 ezen t\u00falmen\u0151en leegyszer\u0171s\u00edti ezt a gyakran \u00f6sszetett folyamatot, id\u0151t takar\u00edt meg \u00e9s cs\u00f6kkenti az adminisztr\u00e1ci\u00f3s munk\u00e1t. \u00cdgy t\u00f6bb id\u0151t t\u00f6lthetsz azzal, amiben a legjobb vagy \u2013 min\u0151s\u00e9gi fitneszszolg\u00e1ltat\u00e1sok ny\u00fajt\u00e1s\u00e1val, mik\u00f6zben biztos lehetsz benne, hogy p\u00e9nz\u00fcgyeid profi kezekben vannak. A funkci\u00f3 k\u00e9nyelme seg\u00edt meger\u0151s\u00edteni az \u00fcgyf\u00e9lkapcsolatokat a fizet\u00e9sekkel kapcsolatos vil\u00e1gos, id\u0151ben t\u00f6rt\u00e9n\u0151 \u00e9s profi kommunik\u00e1ci\u00f3val. A rendszeres bev\u00e9tel behajt\u00e1s\u00e1nak biztos\u00edt\u00e1s\u00e1val a Fizet\u00e9si eml\u00e9keztet\u0151k funkci\u00f3 jelent\u0151sen hozz\u00e1j\u00e1rul a v\u00e1llalkoz\u00e1sod p\u00e9nz\u00fcgyi stabilit\u00e1s\u00e1hoz.   <\/p>\n\n<\/div><\/div>\n\n<div class=\"gb-grid-column gb-grid-column-b962089c\"><div class=\"gb-container gb-container-b962089c\">\n\n<figure class=\"wp-block-image size-full\"><img decoding=\"async\" width=\"1024\" height=\"1024\" src=\"https:\/\/attendlr.com\/wp-content\/uploads\/2023\/05\/Smartphone_displaying_payment_reminder_notification._wh_8d5a34af-fffc-4d6b-972a-d7f597871fd6.png\" alt=\"Fizet&#xE9;si eml&#xE9;keztet&#x151; &#xE9;rtes&#xED;t&#xE9;st megjelen&#xED;t&#x151; okostelefon\" class=\"wp-image-1719\" title=\"Fizet&#xE9;si eml&#xE9;keztet&#x151;k k&#xFC;ld&#xE9;se az Attendlr seg&#xED;ts&#xE9;g&#xE9;vel\" srcset=\"https:\/\/attendlr.com\/wp-content\/uploads\/2023\/05\/Smartphone_displaying_payment_reminder_notification._wh_8d5a34af-fffc-4d6b-972a-d7f597871fd6.png 1024w, https:\/\/attendlr.com\/wp-content\/uploads\/2023\/05\/Smartphone_displaying_payment_reminder_notification._wh_8d5a34af-fffc-4d6b-972a-d7f597871fd6-300x300.png 300w, https:\/\/attendlr.com\/wp-content\/uploads\/2023\/05\/Smartphone_displaying_payment_reminder_notification._wh_8d5a34af-fffc-4d6b-972a-d7f597871fd6-150x150.png 150w, https:\/\/attendlr.com\/wp-content\/uploads\/2023\/05\/Smartphone_displaying_payment_reminder_notification._wh_8d5a34af-fffc-4d6b-972a-d7f597871fd6-768x768.png 768w\" sizes=\"(max-width: 1024px) 100vw, 1024px\" \/><\/figure>\n\n<\/div><\/div>\n<\/div>\n<\/div>","protected":false},"excerpt":{"rendered":"<p>Kommunik\u00e1ci\u00f3 a fitnesz v\u00e1llalkoz\u00e1sodban A mai digit\u00e1lis vil\u00e1gban a gyors \u00e9s hat\u00e9kony kommunik\u00e1ci\u00f3 n\u00e9lk\u00fcl\u00f6zhetetlen r\u00e9sze minden sikeres fitneszv\u00e1llalkoz\u00e1snak. Az Attendlr ezt teljes m\u00e9rt\u00e9kben \u00e9rti, ez\u00e9rt olyan kommunik\u00e1ci\u00f3s eszk\u00f6z\u00f6k sor\u00e1t dolgoztuk ki, melyek c\u00e9lja, hogy megk\u00f6nny\u00edts\u00e9k \u00e9s optimaliz\u00e1lj\u00e1k az \u00fcgyfelekkel val\u00f3 kommunik\u00e1ci\u00f3t. Az Attendlr platform seg\u00edts\u00e9g\u00e9vel m\u00e1r nem kell k\u00fcl\u00f6nf\u00e9le alkalmaz\u00e1sok \u00e9s platformok k\u00f6z\u00f6tt ugr\u00e1lnod, hogy &#8230; <a title=\"Kommunik\u00e1ci\u00f3 a fitnesz v\u00e1llalkoz\u00e1sodban\" class=\"read-more\" href=\"https:\/\/attendlr.com\/hu\/kommunikacios-eszkozok-fitnesz-vallalkozas-szamara\/\" aria-label=\"More on Kommunik\u00e1ci\u00f3 a fitnesz v\u00e1llalkoz\u00e1sodban\">B\u0151vebben<\/a><\/p>\n","protected":false},"author":1,"featured_media":0,"parent":0,"menu_order":0,"comment_status":"closed","ping_status":"closed","template":"","meta":{"qubely_global_settings":"","qubely_interactions":"","_uag_custom_page_level_css":""},"aioseo_notices":[],"uagb_featured_image_src":{"full":false,"thumbnail":false,"medium":false,"medium_large":false,"large":false,"1536x1536":false,"2048x2048":false,"qubely_landscape":false,"qubely_portrait":false,"qubely_thumbnail":false},"uagb_author_info":{"display_name":"attadmin","author_link":"https:\/\/attendlr.com\/hu\/author\/attadmin\/"},"uagb_comment_info":0,"uagb_excerpt":"Kommunik\u00e1ci\u00f3 a fitnesz v\u00e1llalkoz\u00e1sodban A mai digit\u00e1lis vil\u00e1gban a gyors \u00e9s hat\u00e9kony kommunik\u00e1ci\u00f3 n\u00e9lk\u00fcl\u00f6zhetetlen r\u00e9sze minden sikeres fitneszv\u00e1llalkoz\u00e1snak. Az Attendlr ezt teljes m\u00e9rt\u00e9kben \u00e9rti, ez\u00e9rt olyan kommunik\u00e1ci\u00f3s eszk\u00f6z\u00f6k sor\u00e1t dolgoztuk ki, melyek c\u00e9lja, hogy megk\u00f6nny\u00edts\u00e9k \u00e9s optimaliz\u00e1lj\u00e1k az \u00fcgyfelekkel val\u00f3 kommunik\u00e1ci\u00f3t. Az Attendlr platform seg\u00edts\u00e9g\u00e9vel m\u00e1r nem kell k\u00fcl\u00f6nf\u00e9le alkalmaz\u00e1sok \u00e9s platformok k\u00f6z\u00f6tt ugr\u00e1lnod, hogy&hellip;","_links":{"self":[{"href":"https:\/\/attendlr.com\/hu\/wp-json\/wp\/v2\/pages\/1965"}],"collection":[{"href":"https:\/\/attendlr.com\/hu\/wp-json\/wp\/v2\/pages"}],"about":[{"href":"https:\/\/attendlr.com\/hu\/wp-json\/wp\/v2\/types\/page"}],"author":[{"embeddable":true,"href":"https:\/\/attendlr.com\/hu\/wp-json\/wp\/v2\/users\/1"}],"replies":[{"embeddable":true,"href":"https:\/\/attendlr.com\/hu\/wp-json\/wp\/v2\/comments?post=1965"}],"version-history":[{"count":4,"href":"https:\/\/attendlr.com\/hu\/wp-json\/wp\/v2\/pages\/1965\/revisions"}],"predecessor-version":[{"id":2146,"href":"https:\/\/attendlr.com\/hu\/wp-json\/wp\/v2\/pages\/1965\/revisions\/2146"}],"wp:attachment":[{"href":"https:\/\/attendlr.com\/hu\/wp-json\/wp\/v2\/media?parent=1965"}],"curies":[{"name":"wp","href":"https:\/\/api.w.org\/{rel}","templated":true}]}}