{"id":1901,"date":"2023-05-27T14:12:10","date_gmt":"2023-05-27T14:12:10","guid":{"rendered":"https:\/\/attendlr.com\/uzleti-muveletek-menedzsmentje\/"},"modified":"2023-05-29T08:07:37","modified_gmt":"2023-05-29T08:07:37","slug":"uzleti-muveletek-menedzsmentje","status":"publish","type":"page","link":"https:\/\/attendlr.com\/hu\/uzleti-muveletek-menedzsmentje\/","title":{"rendered":"M\u0171k\u00f6d\u00e9si ir\u00e1ny\u00edt\u00e1s"},"content":{"rendered":"\n<h1 class=\"wp-block-heading has-text-align-center\">M\u0171k\u00f6d\u00e9si ir\u00e1ny\u00edt\u00e1s<\/h1>\n\n<p class=\"has-text-align-center\">Ahogy a v\u00e1llalkoz\u00e1sunk sz\u00e9p lassan fejl\u0151dik \u00e9s b\u0151v\u00fcl, \u00fagy v\u00e1lnak a mindennapi m\u0171k\u00f6d\u00e9s feladatai is egyre \u00f6sszetettebb\u00e9. El\u0151fordulhat, hogy kiss\u00e9 t\u00falterhel\u0151v\u00e9 v\u00e1lhat a sz\u00e1mtalan teend\u0151, kezdve a fitneszesem\u00e9nyek szervez\u00e9s\u00e9t\u0151l, az \u00fcgyf\u00e9lkommunik\u00e1ci\u00f3n kereszt\u00fcl, eg\u00e9szen a p\u00e9nz\u00fcgyi ir\u00e1ny\u00edt\u00e1sig. Ebben a helyzetben pedig igaz\u00e1n j\u00f3l j\u00f6hetnek az Attendlr m\u0171k\u00f6d\u00e9sir\u00e1ny\u00edt\u00e1si eszk\u00f6zei. Olyan funkci\u00f3kat fejlesztett\u00fcnk ki, mint p\u00e9ld\u00e1ul a feladatlista, hogy seg\u00edts\u00fcnk \u00e1tl\u00e1that\u00f3bb\u00e1 \u00e9s k\u00f6nnyebben kezelhet\u0151v\u00e9 tenni a napi teend\u0151ket. \u00cdgy t\u00f6bb id\u0151d maradhat arra, amit igaz\u00e1n szeretsz: seg\u00edteni az embereknek az eg\u00e9szs\u00e9gesebb \u00e9let kialak\u00edt\u00e1s\u00e1ban.   <\/p>\n\n<p class=\"has-text-align-center\">A Feladatlista funkci\u00f3t \u00fagy alak\u00edtottuk ki, hogy egyetlen helyen tudj \u00f6sszegy\u0171jteni minden inform\u00e1ci\u00f3t \u00e9s teend\u0151t, ami a fitnesz v\u00e1llalkoz\u00e1soddal kapcsolatos. Kezdve a k\u00f6vetkez\u0151 fitnesz workshop megtervez\u00e9s\u00e9t\u0151l, eg\u00e9szen a h\u00edrlev\u00e9l elk\u00fcld\u00e9s\u00e9ig, a Feladatlista mindenre kiterjed. \u00cdgy biztos\u00edthatod, hogy egyetlen feladat se maradjon elv\u00e9gzetlen\u00fcl, \u00e9s a v\u00e1llalkoz\u00e1sod z\u00f6kken\u0151mentesen m\u0171k\u00f6dik.  <\/p>\n\n<p class=\"has-text-align-center\">De ne gondold, hogy itt meg\u00e1llunk. Az Attendlr nem \u00e1ll le a fejl\u0151d\u00e9ssel, mindig a te \u00fczleti ig\u00e9nyeidhez igazodik. A k\u00f6zelj\u00f6v\u0151ben tov\u00e1bbi funkci\u00f3kat fogunk bevezetni, mint p\u00e9ld\u00e1ul a K\u00f6lts\u00e9gkezel\u00e9s \u00e9s m\u00e1s hasznos eszk\u00f6z\u00f6k, amelyek mindegyike azt a c\u00e9lt szolg\u00e1lja, hogy a v\u00e1llalkoz\u00e1sod m\u0171k\u00f6d\u00e9se a lehet\u0151 legg\u00f6rd\u00fcl\u00e9kenyebb \u00e9s hat\u00e9konyabb legyen. Maradj vel\u00fcnk, \u00e9s t\u00e1mogassuk k\u00f6z\u00f6sen fitnesz\u00fczleted siker\u00e9t. A te sikered a mi legf\u0151bb c\u00e9lunk.    <\/p>\n<div class=\"gb-container gb-container-5248c995\">\n\n<h2 class=\"wp-block-heading\" id=\"to-do-list\">Feladatlista<\/h2>\n\n\n<div class=\"gb-grid-wrapper gb-grid-wrapper-b9324dac\">\n<div class=\"gb-grid-column gb-grid-column-23638b87\"><div class=\"gb-container gb-container-23638b87\">\n\n<h4 class=\"wp-block-heading\" style=\"font-size:12px;text-transform:uppercase\"><a href=\"https:\/\/attendlr.com\/pricing\/\" target=\"_blank\" rel=\"noopener\" title=\"&#xC1;raink\">Minim\u00e1lisan sz\u00fcks\u00e9ges csomag: Basic<\/a><\/h4>\n\n\n\n<p>Az Attendlr feladatlista funkci\u00f3ja egy megb\u00edzhat\u00f3 bar\u00e1t, amit \u00fagy alak\u00edtottunk ki, hogy a mindennapi teend\u0151idet k\u00f6nnyed\u00e9n szervezhesd, \u00e9s m\u00e9g hat\u00e9konyabb\u00e1 tedd a munk\u00e1d. Ezzel az eszk\u00f6zzel \u00e1ttekinthet\u0151 list\u00e1t tudsz k\u00e9sz\u00edteni a feladatokr\u00f3l, be\u00e1ll\u00edthatod a priorit\u00e1sokat, \u00e9s jelezheted az elv\u00e9gzett munk\u00e1kat. Legyen sz\u00f3 a holnapi \u00f3r\u00e1ra t\u00f6rt\u00e9n\u0151 felk\u00e9sz\u00fcl\u00e9sr\u0151l, egy \u00fcgyf\u00e9llel val\u00f3 tal\u00e1lkoz\u00f3 megszervez\u00e9s\u00e9r\u0151l vagy tov\u00e1bbi eszk\u00f6z\u00f6k megrendel\u00e9s\u00e9r\u0151l, a teend\u0151lista funkci\u00f3 garant\u00e1lja, hogy mindig naprak\u00e9sz legy\u00e9l \u00fczleti tev\u00e9kenys\u00e9ged minden ter\u00fclet\u00e9n.  <\/p>\n\n\n\n<p>A fitneszv\u00e1llalkoz\u00e1sod napi forgatag\u00e1ban k\u00f6nnyen megeshet, hogy apr\u00f3, de fontos teend\u0151k esnek ki a kezeid k\u00f6z\u00fcl. A teend\u0151lista funkci\u00f3 k\u00f6zponti helyet biztos\u00edt a feladatoknak, \u00edgy semmi sem marad \u00e9szrev\u00e9tlen. Seg\u00edt neked napirendet szervezni, \u00e9s arra \u00f6sszpontos\u00edtani, ami igaz\u00e1n fontos az \u00fczleti n\u00f6veked\u00e9sed \u00e9rdek\u00e9ben.  <\/p>\n\n\n\n<p>R\u00e1ad\u00e1sul a Feladatlista funkci\u00f3 lehet\u0151s\u00e9get ad arra, hogy hat\u00e1rid\u0151ket \u00e1ll\u00edts be a feladatokhoz, ami m\u00e9g ink\u00e1bb seg\u00edti az id\u0151gazd\u00e1lkod\u00e1st. Ha vil\u00e1gos k\u00e9pet kapsz arr\u00f3l, hogy mit \u00e9s mikorra kell elv\u00e9gezned, az seg\u00edti a koncentr\u00e1ci\u00f3t \u00e9s n\u00f6veli a produktivit\u00e1st. <\/p>\n\n\n\n<p>R\u00f6viden \u00f6sszefoglalva, ez a funkci\u00f3 egy olyan eszk\u00f6z, amely rendszert, \u00e1ttekinthet\u0151s\u00e9get \u00e9s hat\u00e9konys\u00e1got hoz a napi menedzsmentbe, \u00e9s seg\u00edt abban, hogy fitnesz\u00fczleted a siker fel\u00e9 vezesse.<\/p>\n\n<\/div><\/div>\n\n<div class=\"gb-grid-column gb-grid-column-8d3d7243\"><div class=\"gb-container gb-container-8d3d7243\">\n\n<figure class=\"wp-block-image size-full\"><img decoding=\"async\" width=\"580\" height=\"580\" src=\"https:\/\/attendlr.com\/wp-content\/uploads\/2023\/05\/a_flat-style_image_that_depicts_a_check-list_or_a_to-do_6f643a5a-4cf4-4141-9867-3425886a402a.jpg\" alt=\"Digit&#xE1;lis teend&#x151;lista az Attendlr alkalmaz&#xE1;sban, amely lehet&#x151;v&#xE9; teszi a hat&#xE9;kony feladatmenedzsmentet\" class=\"wp-image-1733\" title=\"Attendlr feladatlista funkci&#xF3; - szervezd meg a v&#xE1;llalkoz&#xF3;i feladatokat\" srcset=\"https:\/\/attendlr.com\/wp-content\/uploads\/2023\/05\/a_flat-style_image_that_depicts_a_check-list_or_a_to-do_6f643a5a-4cf4-4141-9867-3425886a402a.jpg 580w, https:\/\/attendlr.com\/wp-content\/uploads\/2023\/05\/a_flat-style_image_that_depicts_a_check-list_or_a_to-do_6f643a5a-4cf4-4141-9867-3425886a402a-300x300.jpg 300w, https:\/\/attendlr.com\/wp-content\/uploads\/2023\/05\/a_flat-style_image_that_depicts_a_check-list_or_a_to-do_6f643a5a-4cf4-4141-9867-3425886a402a-150x150.jpg 150w\" sizes=\"(max-width: 580px) 100vw, 580px\" \/><\/figure>\n\n<\/div><\/div>\n<\/div>\n<\/div>","protected":false},"excerpt":{"rendered":"<p>M\u0171k\u00f6d\u00e9si ir\u00e1ny\u00edt\u00e1s Ahogy a v\u00e1llalkoz\u00e1sunk sz\u00e9p lassan fejl\u0151dik \u00e9s b\u0151v\u00fcl, \u00fagy v\u00e1lnak a mindennapi m\u0171k\u00f6d\u00e9s feladatai is egyre \u00f6sszetettebb\u00e9. El\u0151fordulhat, hogy kiss\u00e9 t\u00falterhel\u0151v\u00e9 v\u00e1lhat a sz\u00e1mtalan teend\u0151, kezdve a fitneszesem\u00e9nyek szervez\u00e9s\u00e9t\u0151l, az \u00fcgyf\u00e9lkommunik\u00e1ci\u00f3n kereszt\u00fcl, eg\u00e9szen a p\u00e9nz\u00fcgyi ir\u00e1ny\u00edt\u00e1sig. Ebben a helyzetben pedig igaz\u00e1n j\u00f3l j\u00f6hetnek az Attendlr m\u0171k\u00f6d\u00e9sir\u00e1ny\u00edt\u00e1si eszk\u00f6zei. Olyan funkci\u00f3kat fejlesztett\u00fcnk ki, mint p\u00e9ld\u00e1ul &#8230; <a title=\"M\u0171k\u00f6d\u00e9si ir\u00e1ny\u00edt\u00e1s\" class=\"read-more\" href=\"https:\/\/attendlr.com\/hu\/uzleti-muveletek-menedzsmentje\/\" aria-label=\"More on M\u0171k\u00f6d\u00e9si ir\u00e1ny\u00edt\u00e1s\">B\u0151vebben<\/a><\/p>\n","protected":false},"author":1,"featured_media":0,"parent":0,"menu_order":0,"comment_status":"closed","ping_status":"closed","template":"","meta":{"qubely_global_settings":"","qubely_interactions":"","_uag_custom_page_level_css":""},"aioseo_notices":[],"uagb_featured_image_src":{"full":false,"thumbnail":false,"medium":false,"medium_large":false,"large":false,"1536x1536":false,"2048x2048":false,"qubely_landscape":false,"qubely_portrait":false,"qubely_thumbnail":false},"uagb_author_info":{"display_name":"attadmin","author_link":"https:\/\/attendlr.com\/hu\/author\/attadmin\/"},"uagb_comment_info":0,"uagb_excerpt":"M\u0171k\u00f6d\u00e9si ir\u00e1ny\u00edt\u00e1s Ahogy a v\u00e1llalkoz\u00e1sunk sz\u00e9p lassan fejl\u0151dik \u00e9s b\u0151v\u00fcl, \u00fagy v\u00e1lnak a mindennapi m\u0171k\u00f6d\u00e9s feladatai is egyre \u00f6sszetettebb\u00e9. El\u0151fordulhat, hogy kiss\u00e9 t\u00falterhel\u0151v\u00e9 v\u00e1lhat a sz\u00e1mtalan teend\u0151, kezdve a fitneszesem\u00e9nyek szervez\u00e9s\u00e9t\u0151l, az \u00fcgyf\u00e9lkommunik\u00e1ci\u00f3n kereszt\u00fcl, eg\u00e9szen a p\u00e9nz\u00fcgyi ir\u00e1ny\u00edt\u00e1sig. Ebben a helyzetben pedig igaz\u00e1n j\u00f3l j\u00f6hetnek az Attendlr m\u0171k\u00f6d\u00e9sir\u00e1ny\u00edt\u00e1si eszk\u00f6zei. Olyan funkci\u00f3kat fejlesztett\u00fcnk ki, mint p\u00e9ld\u00e1ul&hellip;","_links":{"self":[{"href":"https:\/\/attendlr.com\/hu\/wp-json\/wp\/v2\/pages\/1901"}],"collection":[{"href":"https:\/\/attendlr.com\/hu\/wp-json\/wp\/v2\/pages"}],"about":[{"href":"https:\/\/attendlr.com\/hu\/wp-json\/wp\/v2\/types\/page"}],"author":[{"embeddable":true,"href":"https:\/\/attendlr.com\/hu\/wp-json\/wp\/v2\/users\/1"}],"replies":[{"embeddable":true,"href":"https:\/\/attendlr.com\/hu\/wp-json\/wp\/v2\/comments?post=1901"}],"version-history":[{"count":8,"href":"https:\/\/attendlr.com\/hu\/wp-json\/wp\/v2\/pages\/1901\/revisions"}],"predecessor-version":[{"id":2153,"href":"https:\/\/attendlr.com\/hu\/wp-json\/wp\/v2\/pages\/1901\/revisions\/2153"}],"wp:attachment":[{"href":"https:\/\/attendlr.com\/hu\/wp-json\/wp\/v2\/media?parent=1901"}],"curies":[{"name":"wp","href":"https:\/\/api.w.org\/{rel}","templated":true}]}}